{"id":225011,"date":"2021-03-27T18:49:58","date_gmt":"2021-03-27T17:49:58","guid":{"rendered":"https:\/\/litil-hamburg.com\/?page_id=225011"},"modified":"2025-11-08T09:56:29","modified_gmt":"2025-11-08T08:56:29","slug":"ladengeschichte","status":"publish","type":"page","link":"https:\/\/litil-hamburg.de\/en\/ladengeschichte\/","title":{"rendered":"Shop Story"},"content":{"rendered":"<p>[et_pb_section fb_built=&#8220;1&#8243; custom_padding_last_edited=&#8220;on|phone&#8220; next_background_color=&#8220;#ffffff&#8220; admin_label=&#8220;Header&#8220; _builder_version=&#8220;4.16&#8243; background_color=&#8220;#F58466&#8243; use_background_color_gradient=&#8220;on&#8220; background_color_gradient_direction=&#8220;110deg&#8220; background_color_gradient_stops=&#8220;#ffffff 53%|rgba(0,0,0,0) 53%&#8220; background_color_gradient_start=&#8220;#ffffff&#8220; background_color_gradient_start_position=&#8220;53%&#8220; background_color_gradient_end=&#8220;rgba(0,0,0,0)&#8220; background_color_gradient_end_position=&#8220;0%&#8220; background_enable_image=&#8220;off&#8220; background_position=&#8220;center_right&#8220; custom_padding=&#8220;|0px|50px||false|false&#8220; custom_padding_tablet=&#8220;||15px||false|false&#8220; custom_padding_phone=&#8220;&#8220; bottom_divider_style=&#8220;curve&#8220; background_color_phone=&#8220;RGBA(0,0,0,0)&#8220; background_last_edited=&#8220;on|phone&#8220; background_enable_color_phone=&#8220;on&#8220; use_background_color_gradient_phone=&#8220;off&#8220; background_color_gradient_direction_tablet=&#8220;105deg&#8220; background_color_gradient_stops_tablet=&#8220;#ffffff 55%|rgba(0,0,0,0) 55%&#8220; background_color_gradient_stops_phone=&#8220;#ffffff 35%|rgba(0,0,0,0) 35%&#8220; background_color_gradient_start_position_tablet=&#8220;55%&#8220; background_color_gradient_start_position_phone=&#8220;35%&#8220; background_color_gradient_end_position_tablet=&#8220;55%&#8220; background_color_gradient_end_position_phone=&#8220;35%&#8220; box_shadow_style=&#8220;preset7&#8243; box_shadow_horizontal=&#8220;0px&#8220; box_shadow_vertical=&#8220;0px&#8220; box_shadow_color=&#8220;#ffffff&#8220; box_shadow_vertical_tablet=&#8220;-80vh&#8220; box_shadow_vertical_phone=&#8220;-90vh&#8220; box_shadow_vertical_last_edited=&#8220;on|phone&#8220; global_colors_info=&#8220;{}&#8220;][et_pb_row column_structure=&#8220;1_2,1_2&#8243; _builder_version=&#8220;4.16&#8243; global_colors_info=&#8220;{}&#8220;][et_pb_column type=&#8220;1_2&#8243; _builder_version=&#8220;4.16&#8243; z_index=&#8220;10&#8243; global_colors_info=&#8220;{}&#8220;][et_pb_text _builder_version=&#8220;4.16&#8243; header_font=&#8220;Montserrat|800||on|||||&#8220; header_text_color=&#8220;#F58466&#8243; header_font_size=&#8220;3vw&#8220; header_line_height=&#8220;1.2em&#8220; header_2_font=&#8220;|800||on|||||&#8220; header_2_text_color=&#8220;#232323&#8243; header_2_font_size=&#8220;5vw&#8220; custom_margin=&#8220;|-22vw|||false|false&#8220; custom_margin_tablet=&#8220;|0vw|||false|false&#8220; custom_margin_phone=&#8220;&#8220; custom_margin_last_edited=&#8220;on|phone&#8220; locked=&#8220;off&#8220; global_colors_info=&#8220;{}&#8220;]<\/p>\n<h1>unsere Story<\/h1>\n<h2>Der Laden<\/h2>\n<p>[\/et_pb_text][et_pb_text _builder_version=&#8220;4.16&#8243; text_font=&#8220;Merriweather||||||||&#8220; text_text_color=&#8220;#000000&#8243; text_font_size=&#8220;16px&#8220; text_line_height=&#8220;2em&#8220; link_font=&#8220;|800|||||||&#8220; header_2_font=&#8220;|700||on|||||&#8220; header_2_font_size=&#8220;25px&#8220; header_3_font=&#8220;|700||on|||||&#8220; header_3_text_color=&#8220;#F58466&#8243; header_3_font_size=&#8220;17px&#8220; header_3_line_height=&#8220;3em&#8220; max_width=&#8220;400px&#8220; text_font_size_tablet=&#8220;18px&#8220; text_font_size_phone=&#8220;16px&#8220; text_font_size_last_edited=&#8220;on|phone&#8220; header_3_line_height_tablet=&#8220;&#8220; header_3_line_height_phone=&#8220;1.4em&#8220; header_3_line_height_last_edited=&#8220;on|tablet&#8220; locked=&#8220;off&#8220; global_colors_info=&#8220;{}&#8220;]<\/p>\n<p>Seit Fr\u00fchjahr 2014 gibt es uns nun schon und wir sind mit Recht ein klein wenig stolz darauf, was wir in den vergangenen Jahren geschafft haben.<\/p>\n<p>Im Februar 2014 fand sich durch ein Auswahlverfahren <a href=\"https:\/\/litil-hamburg.de\/eva-jaegerschnipsel\/\" target=\"_blank\" rel=\"noopener\">Evas<\/a>, die als Teil des Tatendrang-Kollektivs schon l\u00e4nger in der Kleinen Rainstra\u00dfe 6 ans\u00e4ssig war, unsere <a href=\"https:\/\/litil-hamburg.de\/ueber-uns\/\" target=\"_blank\" rel=\"noopener\">erste Besetzung<\/a> zusammen.<\/p>\n<p>Es gibt bis heute immer wieder Neuzug\u00e4nge und unser Sortiment bleibt bunt:<br \/>Gen\u00e4htes f\u00fcr Gro\u00df und Klein, Illustration und Grafik, Strick, Stoffdesign, Accessoires und Taschen &#8230; Und das alles tats\u00e4chlich in unserem winzigen L\u00e4dchen?! Ja, das geht!<\/p>\n<h3>&#8222;Wie ein begehbares Schaufenster&#8220;<\/h3>\n<p>wirke unser &#8222;bunter Mini-Design-Laden&#8220;,\u00a0schrieb die <strong>Szene Hamburg<\/strong>\u00a0\u00fcber uns.<\/p>\n<p><span><\/span><\/p>\n<p>[\/et_pb_text][\/et_pb_column][et_pb_column type=&#8220;1_2&#8243; _builder_version=&#8220;4.16&#8243; global_colors_info=&#8220;{}&#8220;][et_pb_image src=&#8220;https:\/\/litil-hamburg.com\/wp-content\/uploads\/2021\/04\/20201106_155034-1-scaled-e1619176439367-737&#215;1024.jpg&#8220; alt=&#8220;Kleiner Laden mit gro\u00dfem Charme Litil Ladenfoto&#8220; title_text=&#8220;20201106_155034&#8243; _builder_version=&#8220;4.16&#8243; filter_saturate=&#8220;107%&#8220; filter_brightness=&#8220;121%&#8220; filter_contrast=&#8220;97%&#8220; locked=&#8220;off&#8220; global_colors_info=&#8220;{}&#8220;][\/et_pb_image][\/et_pb_column][\/et_pb_row][et_pb_row column_structure=&#8220;1_2,1_2&#8243; _builder_version=&#8220;4.16&#8243; _module_preset=&#8220;default&#8220; global_colors_info=&#8220;{}&#8220;][et_pb_column type=&#8220;1_2&#8243; _builder_version=&#8220;4.16&#8243; _module_preset=&#8220;default&#8220; global_colors_info=&#8220;{}&#8220;][\/et_pb_column][et_pb_column type=&#8220;1_2&#8243; _builder_version=&#8220;4.16&#8243; _module_preset=&#8220;default&#8220; global_colors_info=&#8220;{}&#8220;][et_pb_text _builder_version=&#8220;4.16&#8243; _module_preset=&#8220;default&#8220; text_text_color=&#8220;#FFFFFF&#8220; header_2_font=&#8220;|700||on|||||&#8220; header_2_text_color=&#8220;#ffffff&#8220; text_text_color_tablet=&#8220;#232323&#8243; text_text_color_phone=&#8220;&#8220; text_text_color_last_edited=&#8220;on|tablet&#8220; header_2_text_color_tablet=&#8220;#F58466&#8243; header_2_text_color_phone=&#8220;&#8220; header_2_text_color_last_edited=&#8220;on|tablet&#8220; global_colors_info=&#8220;{}&#8220;]<\/p>\n<h2>Der Name<\/h2>\n<p>Die\u00a0Gr\u00f6\u00dfe\u00a0des Ladens f\u00fchrte ganz schnell zum Namen:\u00a0<strong>L\u00edtil,\u00a0Isl\u00e4ndisch und F\u00e4r\u00f6isch f\u00fcr\u00a0klein, winzig.<\/strong><\/p>\n<p>Fragt uns aber bitte nicht mehr, wie wir darauf gekommen sind \ud83d\ude09<\/p>\n<p>Was viel n\u00e4her liegt als der Ursprung des Namens, ist die <strong>Herkunft unserer Produkte<\/strong>.<\/p>\n<p>Alles wird in Hamburg erdacht, und zum gro\u00dfen Teil auch gemacht. Dabei ist eine Menge Talent, Kreativit\u00e4t, Know-how und Herzblut mit im Spiel! Wir entwerfen und fertigen Dinge, die uns selbst auch gefallen, und von deren Qualit\u00e4t und Besonderheit wir voll \u00fcberzeugt sind.<\/p>\n<p>Viele Wiederholungst\u00e4ter unter unseren Kunden best\u00e4tigen uns darin, weiterzumachen und immer wieder an unseren Produkten zu feilen und neue Sch\u00e4tzchen zu kreieren. Die langj\u00e4hrige Zusammenarbeit mit verschiedenen Designm\u00e4rkten sind eine weitere Best\u00e4tigung daf\u00fcr, dass wir richtig liegen.<\/p>\n<p>[\/et_pb_text][\/et_pb_column][\/et_pb_row][\/et_pb_section][et_pb_section fb_built=&#8220;1&#8243; _builder_version=&#8220;4.16&#8243; _module_preset=&#8220;default&#8220; global_colors_info=&#8220;{}&#8220;][et_pb_row column_structure=&#8220;1_2,1_2&#8243; _builder_version=&#8220;4.16&#8243; _module_preset=&#8220;default&#8220; global_colors_info=&#8220;{}&#8220;][et_pb_column type=&#8220;1_2&#8243; _builder_version=&#8220;4.16&#8243; _module_preset=&#8220;default&#8220; global_colors_info=&#8220;{}&#8220;][et_pb_text _builder_version=&#8220;4.16&#8243; _module_preset=&#8220;default&#8220; text_text_color=&#8220;#232323&#8243; header_2_font=&#8220;|700||on|||||&#8220; header_2_text_color=&#8220;#F58466&#8243; global_colors_info=&#8220;{}&#8220;]<\/p>\n<h2>Unser Credo<\/h2>\n<p>Uns sind Individualit\u00e4t, regionale Herstellung, Ressourcenschonung und der enge Kontakt zu euch, den Kund*innen, sehr wichtig und ein gro\u00dfes Anliegen.<\/p>\n<p>Wir wollen in den n\u00e4chsten Jahren noch eine ordentliche Schippe drauflegen, um euch immer wieder mit sch\u00f6nen und au\u00dfergew\u00f6hnlichen Dingen zu \u00fcberraschen.<\/p>\n<p>Wir freuen uns auf euren Besuch!<\/p>\n<p>&nbsp;<\/p>\n<p>[\/et_pb_text][et_pb_text _builder_version=&#8220;4.16&#8243; _module_preset=&#8220;default&#8220; link_text_color=&#8220;#F58466&#8243; header_3_font=&#8220;|700||on|||||&#8220; header_3_text_color=&#8220;#F58466&#8243; header_4_font=&#8220;|||on|||||&#8220; header_4_font_size=&#8220;17px&#8220; header_4_line_height=&#8220;0.7em&#8220; custom_margin_tablet=&#8220;&#8220; custom_margin_phone=&#8220;&#8220; custom_margin_last_edited=&#8220;on|desktop&#8220; global_colors_info=&#8220;{}&#8220;]<\/p>\n<h3>Das L\u00edtil in Web und Presse\u00a0<\/h3>\n<h4>Ein Auszug<\/h4>\n<p>&nbsp;<\/p>\n<p><a href=\"https:\/\/kiekmo.hamburg\/artikel\/freizeit-familie\/das-litil-in-ottensen-kreativitaet-auf-kleinstem-raum\" target=\"_blank\" rel=\"noopener\">Kiekmo<\/a><\/p>\n<p><a href=\"https:\/\/www.goldstueck.com\/aus-den-goldstueck-staedten\/hamburg\/2019\/03\/14\/litil-laden-jubilaum-in-ottensen\/\" target=\"_blank\" rel=\"noopener\">Goldst\u00fcck<\/a><\/p>\n<p><a href=\"https:\/\/www.handmadekultur.de\/geschaefte\/litil_73579\" target=\"_blank\" rel=\"noopener\">Handmade Kultur<\/a><\/p>\n<p><a href=\"https:\/\/prinz.de\/hamburg\/artikel\/114713-neu-entdeckt-litil\/\" target=\"_blank\" rel=\"noopener\">Prinz Hamburg<\/a><\/p>\n<p><a href=\"https:\/\/www.findeling.de\/hamburg\/laden\/litil\" target=\"_blank\" rel=\"noopener\">Findeling<\/a><\/p>\n<p>&nbsp;<\/p>\n<p>[\/et_pb_text][\/et_pb_column][et_pb_column type=&#8220;1_2&#8243; _builder_version=&#8220;4.16&#8243; _module_preset=&#8220;default&#8220; global_colors_info=&#8220;{}&#8220;][\/et_pb_column][\/et_pb_row][\/et_pb_section][et_pb_section fb_built=&#8220;1&#8243; fullwidth=&#8220;on&#8220; _builder_version=&#8220;4.16&#8243; _module_preset=&#8220;default&#8220; global_colors_info=&#8220;{}&#8220;][et_pb_fullwidth_image src=&#8220;https:\/\/litil-hamburg.com\/wp-content\/uploads\/2021\/04\/20200303_142139-scaled.jpg&#8220; title_text=&#8220;20200303_142139&#8243; _builder_version=&#8220;4.16&#8243; _module_preset=&#8220;default&#8220; global_colors_info=&#8220;{}&#8220;][\/et_pb_fullwidth_image][\/et_pb_section]<\/p>\n","protected":false},"excerpt":{"rendered":"<p>unsere Story Der LadenSeit Fr\u00fchjahr 2014 gibt es uns nun schon und wir sind mit Recht ein klein wenig stolz darauf, was wir in den vergangenen Jahren geschafft haben. Im Februar 2014 fand sich durch ein Auswahlverfahren Evas, die als Teil des Tatendrang-Kollektivs schon l\u00e4nger in der Kleinen Rainstra\u00dfe 6 ans\u00e4ssig war, unsere erste Besetzung [&hellip;]<\/p>\n","protected":false},"author":4,"featured_media":0,"parent":0,"menu_order":0,"comment_status":"closed","ping_status":"closed","template":"","meta":{"_et_pb_use_builder":"on","_et_pb_old_content":"<!-- wp:divi\/placeholder \/-->","_et_gb_content_width":"","footnotes":""},"class_list":["post-225011","page","type-page","status-publish","hentry"],"_links":{"self":[{"href":"https:\/\/litil-hamburg.de\/en\/wp-json\/wp\/v2\/pages\/225011","targetHints":{"allow":["GET"]}}],"collection":[{"href":"https:\/\/litil-hamburg.de\/en\/wp-json\/wp\/v2\/pages"}],"about":[{"href":"https:\/\/litil-hamburg.de\/en\/wp-json\/wp\/v2\/types\/page"}],"author":[{"embeddable":true,"href":"https:\/\/litil-hamburg.de\/en\/wp-json\/wp\/v2\/users\/4"}],"replies":[{"embeddable":true,"href":"https:\/\/litil-hamburg.de\/en\/wp-json\/wp\/v2\/comments?post=225011"}],"version-history":[{"count":10,"href":"https:\/\/litil-hamburg.de\/en\/wp-json\/wp\/v2\/pages\/225011\/revisions"}],"predecessor-version":[{"id":226295,"href":"https:\/\/litil-hamburg.de\/en\/wp-json\/wp\/v2\/pages\/225011\/revisions\/226295"}],"wp:attachment":[{"href":"https:\/\/litil-hamburg.de\/en\/wp-json\/wp\/v2\/media?parent=225011"}],"curies":[{"name":"wp","href":"https:\/\/api.w.org\/{rel}","templated":true}]}}