{"id":225019,"date":"2021-03-27T18:51:22","date_gmt":"2021-03-27T17:51:22","guid":{"rendered":"https:\/\/litil-hamburg.com\/?page_id=225019"},"modified":"2024-09-27T13:06:04","modified_gmt":"2024-09-27T11:06:04","slug":"maren-frau-w-aus-h","status":"publish","type":"page","link":"https:\/\/litil-hamburg.de\/en\/maren-frau-w-aus-h\/","title":{"rendered":"Maren | Frau W. aus H."},"content":{"rendered":"<p>[et_pb_section fb_built=&#8220;1&#8243; admin_label=&#8220;Header&#8220; _builder_version=&#8220;4.16&#8243; background_color=&#8220;#A9D591&#8243; use_background_color_gradient=&#8220;on&#8220; background_color_gradient_direction=&#8220;100deg&#8220; background_color_gradient_stops=&#8220;#ffffff 65%|rgba(0,0,0,0) 65%&#8220; background_color_gradient_start=&#8220;#ffffff&#8220; background_color_gradient_start_position=&#8220;65%&#8220; background_color_gradient_end=&#8220;rgba(0,0,0,0)&#8220; background_color_gradient_end_position=&#8220;0%&#8220; background_enable_image=&#8220;off&#8220; background_position=&#8220;center_right&#8220; custom_padding=&#8220;||0px|||&#8220; background_color_phone=&#8220;RGBA(0,0,0,0)&#8220; background_last_edited=&#8220;on|phone&#8220; background_enable_color_phone=&#8220;on&#8220; use_background_color_gradient_phone=&#8220;off&#8220; background_color_gradient_stops_tablet=&#8220;#ffffff 55%|rgba(0,0,0,0) 55%&#8220; background_color_gradient_stops_phone=&#8220;#ffffff 35%|rgba(0,0,0,0) 35%&#8220; background_color_gradient_start_position_tablet=&#8220;55%&#8220; background_color_gradient_start_position_phone=&#8220;35%&#8220; background_color_gradient_end_position_tablet=&#8220;55%&#8220; background_color_gradient_end_position_phone=&#8220;35%&#8220; box_shadow_style=&#8220;preset7&#8243; box_shadow_horizontal=&#8220;0px&#8220; box_shadow_vertical=&#8220;0px&#8220; box_shadow_color=&#8220;#ffffff&#8220; box_shadow_vertical_tablet=&#8220;-80vh&#8220; box_shadow_vertical_phone=&#8220;-90vh&#8220; box_shadow_vertical_last_edited=&#8220;on|phone&#8220; global_colors_info=&#8220;{}&#8220;][et_pb_row column_structure=&#8220;1_2,1_2&#8243; _builder_version=&#8220;4.16&#8243; width=&#8220;83.4%&#8220; global_colors_info=&#8220;{}&#8220;][et_pb_column type=&#8220;1_2&#8243; _builder_version=&#8220;4.16&#8243; z_index=&#8220;10&#8243; global_colors_info=&#8220;{}&#8220;][et_pb_text _builder_version=&#8220;4.16&#8243; header_font=&#8220;Montserrat|800||on|||||&#8220; header_text_color=&#8220;#A9D591&#8243; header_font_size=&#8220;3vw&#8220; header_line_height=&#8220;1.2em&#8220; header_2_font=&#8220;|700||on|||||&#8220; header_2_text_color=&#8220;#232323&#8243; header_2_font_size=&#8220;3vw&#8220; custom_margin=&#8220;|-22vw|||false|false&#8220; custom_margin_tablet=&#8220;|0vw|||false|false&#8220; custom_margin_phone=&#8220;&#8220; custom_margin_last_edited=&#8220;on|phone&#8220; header_font_size_tablet=&#8220;5vw&#8220; header_font_size_phone=&#8220;7vw&#8220; header_font_size_last_edited=&#8220;on|phone&#8220; header_2_font_size_tablet=&#8220;5vw&#8220; header_2_font_size_phone=&#8220;7vw&#8220; header_2_font_size_last_edited=&#8220;on|phone&#8220; locked=&#8220;off&#8220; global_colors_info=&#8220;{}&#8220;]<\/p>\n<h1>Frau W. aus H.<\/h1>\n<h2>Maren<\/h2>\n<p>[\/et_pb_text][et_pb_text _builder_version=&#8220;4.16&#8243; text_font=&#8220;Merriweather||||||||&#8220; text_text_color=&#8220;#000000&#8243; text_font_size=&#8220;16px&#8220; text_line_height=&#8220;2em&#8220; max_width=&#8220;400px&#8220; text_font_size_tablet=&#8220;18px&#8220; text_font_size_phone=&#8220;16px&#8220; text_font_size_last_edited=&#8220;on|phone&#8220; locked=&#8220;off&#8220; global_colors_info=&#8220;{}&#8220;]<\/p>\n<div class=\"F_FiD\">\n<div class=\"_1uVSr\" data-testid=\"static-text-element\">\n<div class=\"_3Ao-S\">\n<div class=\"\">\n<p>Maren ist ein in Bayern geborenes norddeutsches Deern, ist vor den Toren Hamburgs aufgewachsen und lebt seit Ewigkeiten mittendrin in der sch\u00f6nsten Stadt. Nach einem inspirierenden aber unvollendeten Architekturstudium mit einj\u00e4hrigem Abstecher nach Spanien wurde sie Grafikdesignerin.<\/p>\n<p>Als Frau W. aus H. geht sie mit offenen Augen und Ohren durch die Welt.<br \/>Dabei kommen ihr so viele Ideen, da muss sie einfach loslegen.<\/p>\n<p>So arbeitet sie in ihren vier W\u00e4nden und der Outdoor-Werkstatt im Schrebergarten, hat tolle Kunden im Laden und am Telefon und wechselt zwischen der sauberen Arbeit am Bildschirm und dem Werkeln, wo bekanntlich auch mal Sp\u00e4ne fallen.<\/p>\n<p>Klingt nach einer perfekten Mischung!<\/p>\n<\/div>\n<\/div>\n<\/div>\n<\/div>\n<p>[\/et_pb_text][\/et_pb_column][et_pb_column type=&#8220;1_2&#8243; _builder_version=&#8220;4.16&#8243; global_colors_info=&#8220;{}&#8220;][et_pb_image src=&#8220;https:\/\/litil-hamburg.com\/wp-content\/uploads\/2021\/04\/litil_FrauWausH_Logo-3.png&#8220; alt=&#8220;litil Frau W. aus H. Logo&#8220; title_text=&#8220;litil FrauWausH Logo&#8220; _builder_version=&#8220;4.16&#8243; width=&#8220;86%&#8220; border_radii=&#8220;off||||&#8220; border_color_all=&#8220;#FFFFFF&#8220; locked=&#8220;off&#8220; global_colors_info=&#8220;{}&#8220;][\/et_pb_image][et_pb_image src=&#8220;https:\/\/litil-hamburg.com\/wp-content\/uploads\/2021\/04\/FrauWausH_Betonteile_Herz_Kaktus_Stern.png&#8220; alt=&#8220;litil Frau W aus H. Betonteile&#8220; title_text=&#8220;FrauWausH Betonteile&#8220; _builder_version=&#8220;4.16&#8243; _module_preset=&#8220;default&#8220; width=&#8220;86%&#8220; global_colors_info=&#8220;{}&#8220;][\/et_pb_image][\/et_pb_column][\/et_pb_row][et_pb_row column_structure=&#8220;1_3,1_3,1_3&#8243; _builder_version=&#8220;4.16&#8243; custom_padding=&#8220;||0px|||&#8220; global_colors_info=&#8220;{}&#8220;][et_pb_column type=&#8220;1_3&#8243; _builder_version=&#8220;4.16&#8243; global_colors_info=&#8220;{}&#8220;][et_pb_text _builder_version=&#8220;4.16&#8243; link_text_color=&#8220;#EF3D57&#8243; link_font_size=&#8220;20px&#8220; header_5_font=&#8220;Merriweather||||||||&#8220; header_5_text_color=&#8220;#EF3D57&#8243; header_5_font_size=&#8220;20px&#8220; header_5_line_height=&#8220;2.4em&#8220; header_6_font=&#8220;||||||||&#8220; header_6_line_height=&#8220;1.4em&#8220; background_enable_color=&#8220;off&#8220; background_enable_image=&#8220;off&#8220; background_size=&#8220;contain&#8220; background_position=&#8220;center_left&#8220; custom_padding=&#8220;20px||20px|0px|true|false&#8220; link_option_url=&#8220;#&#8220; header_5_font_size_tablet=&#8220;30px&#8220; header_5_font_size_phone=&#8220;26px&#8220; header_5_font_size_last_edited=&#8220;on|phone&#8220; header_5_letter_spacing_tablet=&#8220;&#8220; header_5_letter_spacing_phone=&#8220;&#8220; header_5_letter_spacing_last_edited=&#8220;on|desktop&#8220; locked=&#8220;off&#8220; global_colors_info=&#8220;{}&#8220;]<\/p>\n<h5>Website<\/h5>\n<p>[\/et_pb_text][et_pb_button button_url=&#8220;https:\/\/www.frauwaush.de\/frau-w.-aus-h.\/&#8220; url_new_window=&#8220;on&#8220; button_text=&#8220;zur Website&#8220; _builder_version=&#8220;4.22.2&#8243; _module_preset=&#8220;default&#8220; custom_button=&#8220;on&#8220; button_text_color=&#8220;#FFFFFF&#8220; button_bg_color=&#8220;#EF3D57&#8243; button_border_width=&#8220;2px&#8220; button_border_color=&#8220;RGBA(0,0,0,0)&#8220; button_border_radius=&#8220;4px&#8220; custom_margin=&#8220;-50px||||false|false&#8220; global_colors_info=&#8220;{}&#8220;][\/et_pb_button][et_pb_image src=&#8220;https:\/\/litil-hamburg.com\/wp-content\/uploads\/2021\/04\/FrauWausH.png&#8220; title_text=&#8220;FrauWausH&#8220; url=&#8220;https:\/\/www.frauwaush.de\/frau-w.-aus-h.\/&#8220; url_new_window=&#8220;on&#8220; _builder_version=&#8220;4.16&#8243; _module_preset=&#8220;default&#8220; transform_scale=&#8220;135%|135%&#8220; transform_scale_tablet=&#8220;100%|100%&#8220; transform_scale_phone=&#8220;&#8220; transform_scale_last_edited=&#8220;on|desktop&#8220; transform_translate=&#8220;-6px|0px&#8220; transform_translate_tablet=&#8220;-30px|0px&#8220; transform_translate_phone=&#8220;-24px|0px&#8220; transform_translate_last_edited=&#8220;on|phone&#8220; transform_translate_linked=&#8220;off&#8220; transform_rotate_tablet=&#8220;&#8220; transform_rotate_phone=&#8220;&#8220; transform_rotate_last_edited=&#8220;on|desktop&#8220; transform_skew_tablet=&#8220;&#8220; transform_skew_phone=&#8220;&#8220; transform_skew_last_edited=&#8220;on|desktop&#8220; transform_origin_tablet=&#8220;&#8220; transform_origin_phone=&#8220;&#8220; transform_origin_last_edited=&#8220;on|desktop&#8220; transform_styles_last_edited=&#8220;on|phone&#8220; width=&#8220;50%&#8220; module_alignment=&#8220;left&#8220; custom_margin=&#8220;||||false|false&#8220; custom_margin_tablet=&#8220;&#8220; custom_margin_phone=&#8220;&#8220; custom_margin_last_edited=&#8220;on|desktop&#8220; custom_padding=&#8220;|||25px|false|false&#8220; transform_styles_tablet=&#8220;&#8220; transform_styles_phone=&#8220;&#8220; global_colors_info=&#8220;{}&#8220;][\/et_pb_image][\/et_pb_column][et_pb_column type=&#8220;1_3&#8243; _builder_version=&#8220;4.16&#8243; global_colors_info=&#8220;{}&#8220;][\/et_pb_column][et_pb_column type=&#8220;1_3&#8243; _builder_version=&#8220;4.16&#8243; global_colors_info=&#8220;{}&#8220;][et_pb_social_media_follow icon_color=&#8220;#A9D591&#8243; _builder_version=&#8220;4.22.2&#8243; _module_preset=&#8220;default&#8220; custom_margin=&#8220;20px|||20px|false|false&#8220; custom_margin_tablet=&#8220;&#8220; custom_margin_phone=&#8220;&#8220; custom_margin_last_edited=&#8220;on|desktop&#8220; global_colors_info=&#8220;{}&#8220;][et_pb_social_media_follow_network social_network=&#8220;instagram&#8220; url=&#8220;https:\/\/www.instagram.com\/frauwaush\/&#8220; icon_color=&#8220;#A9D591&#8243; _builder_version=&#8220;4.16&#8243; _module_preset=&#8220;default&#8220; background_color=&#8220;#FFFFFF&#8220; background_enable_color=&#8220;on&#8220; border_radii=&#8220;on|25px|25px|25px|25px&#8220; border_color_all=&#8220;RGBA(0,0,0,0)&#8220; global_colors_info=&#8220;{}&#8220; follow_button=&#8220;off&#8220; url_new_window=&#8220;on&#8220;]instagram[\/et_pb_social_media_follow_network][\/et_pb_social_media_follow][\/et_pb_column][\/et_pb_row][\/et_pb_section][et_pb_section fb_built=&#8220;1&#8243; admin_label=&#8220;CV&#8220; _builder_version=&#8220;4.16&#8243; custom_margin=&#8220;||-105px||false|false&#8220; global_colors_info=&#8220;{}&#8220;][et_pb_row _builder_version=&#8220;4.16&#8243; width=&#8220;100%&#8220; max_width=&#8220;100%&#8220; global_colors_info=&#8220;{}&#8220;][et_pb_column type=&#8220;4_4&#8243; _builder_version=&#8220;4.16&#8243; global_colors_info=&#8220;{}&#8220;][et_pb_divider color=&#8220;#000000&#8243; divider_weight=&#8220;6px&#8220; _builder_version=&#8220;4.16&#8243; width=&#8220;90%&#8220; width_tablet=&#8220;80%&#8220; width_phone=&#8220;&#8220; width_last_edited=&#8220;on|phone&#8220; module_alignment=&#8220;center&#8220; global_colors_info=&#8220;{}&#8220;][\/et_pb_divider][\/et_pb_column][\/et_pb_row][et_pb_row _builder_version=&#8220;4.16&#8243; global_colors_info=&#8220;{}&#8220;][et_pb_column type=&#8220;4_4&#8243; _builder_version=&#8220;4.16&#8243; global_colors_info=&#8220;{}&#8220;][et_pb_text _builder_version=&#8220;4.16&#8243; header_2_font=&#8220;Merriweather||||||||&#8220; header_2_text_color=&#8220;#000000&#8243; header_2_font_size=&#8220;50px&#8220; header_2_line_height=&#8220;1.2em&#8220; text_orientation=&#8220;center&#8220; header_2_font_size_tablet=&#8220;40px&#8220; header_2_font_size_phone=&#8220;35px&#8220; header_2_font_size_last_edited=&#8220;on|phone&#8220; locked=&#8220;off&#8220; global_colors_info=&#8220;{}&#8220;]<\/p>\n<h2>Marens Produkte<\/h2>\n<p>[\/et_pb_text][\/et_pb_column][\/et_pb_row][et_pb_row column_structure=&#8220;1_3,1_3,1_3&#8243; _builder_version=&#8220;4.16&#8243; custom_padding=&#8220;29px|||||&#8220; global_colors_info=&#8220;{}&#8220;][et_pb_column type=&#8220;1_3&#8243; _builder_version=&#8220;4.16&#8243; global_colors_info=&#8220;{}&#8220;][et_pb_text _builder_version=&#8220;4.16&#8243; text_font=&#8220;Merriweather||||||||&#8220; text_text_color=&#8220;#000000&#8243; text_font_size=&#8220;22px&#8220; text_line_height=&#8220;1.8em&#8220; max_width=&#8220;400px&#8220; text_font_size_tablet=&#8220;18px&#8220; text_font_size_phone=&#8220;16px&#8220; text_font_size_last_edited=&#8220;on|phone&#8220; text_orientation_tablet=&#8220;&#8220; text_orientation_phone=&#8220;center&#8220; text_orientation_last_edited=&#8220;on|phone&#8220; locked=&#8220;off&#8220; global_colors_info=&#8220;{}&#8220;]<\/p>\n<p>Typodrucke und -poster, Upcycling-Vasen, Postkarten, Magnete, prima Sachen aus Beton, Geldb\u00f6rsen, Schl\u00fcsselb\u00e4nder \u2026<\/p>\n<p>&nbsp;<\/p>\n<p>&nbsp;<\/p>\n<p>[\/et_pb_text][\/et_pb_column][et_pb_column type=&#8220;1_3&#8243; _builder_version=&#8220;4.16&#8243; global_colors_info=&#8220;{}&#8220;][et_pb_image src=&#8220;https:\/\/litil-hamburg.com\/wp-content\/uploads\/2021\/04\/FrauWausH_Poster_langsam.png&#8220; alt=&#8220;Frau W. aus H. Typoposter Langsam ist schnell genug&#8220; title_text=&#8220;FrauWausH Poster Langsam ist schnell genug&#8220; _builder_version=&#8220;4.16&#8243; _module_preset=&#8220;default&#8220; global_colors_info=&#8220;{}&#8220;][\/et_pb_image][\/et_pb_column][et_pb_column type=&#8220;1_3&#8243; _builder_version=&#8220;4.16&#8243; global_colors_info=&#8220;{}&#8220;][et_pb_image src=&#8220;https:\/\/litil-hamburg.de\/wp-content\/uploads\/2021\/12\/FrauWausH_Upcycling_Vasen.png&#8220; alt=&#8220;Upcycling-Vasen &#8220; title_text=&#8220;Frau W. aus H. Upcycling Vasen&#8220; _builder_version=&#8220;4.16&#8243; _module_preset=&#8220;default&#8220; global_colors_info=&#8220;{}&#8220;][\/et_pb_image][\/et_pb_column][\/et_pb_row][\/et_pb_section][et_pb_section fb_built=&#8220;1&#8243; admin_label=&#8220;Features&#8220; _builder_version=&#8220;4.16&#8243; global_colors_info=&#8220;{}&#8220;][et_pb_row column_structure=&#8220;1_3,1_3,1_3&#8243; _builder_version=&#8220;4.16&#8243; _module_preset=&#8220;default&#8220; global_colors_info=&#8220;{}&#8220;][et_pb_column type=&#8220;1_3&#8243; _builder_version=&#8220;4.16&#8243; _module_preset=&#8220;default&#8220; global_colors_info=&#8220;{}&#8220;][et_pb_image src=&#8220;https:\/\/litil-hamburg.com\/wp-content\/uploads\/2021\/04\/FrauWausH_Notizheft_Ideen_1.png&#8220; alt=&#8220;litil Frau W. aus H. Notizheft&#8220; title_text=&#8220;FrauWausH Notizheft Ideen&#8220; _builder_version=&#8220;4.16&#8243; _module_preset=&#8220;default&#8220; global_colors_info=&#8220;{}&#8220;][\/et_pb_image][\/et_pb_column][et_pb_column type=&#8220;1_3&#8243; _builder_version=&#8220;4.16&#8243; _module_preset=&#8220;default&#8220; global_colors_info=&#8220;{}&#8220;][et_pb_image src=&#8220;https:\/\/litil-hamburg.com\/wp-content\/uploads\/2021\/04\/FrauWausH_Schluesseletui_Geldbo\u0308rse_RosaSchw_Elphi.png&#8220; alt=&#8220;Frau W. aus H. Betontopf Sukkulente&#8220; title_text=&#8220;FrauWausH Schluesseletui Geldbo\u0308rse Elphi&#8220; _builder_version=&#8220;4.16&#8243; _module_preset=&#8220;default&#8220; global_colors_info=&#8220;{}&#8220;][\/et_pb_image][\/et_pb_column][et_pb_column type=&#8220;1_3&#8243; _builder_version=&#8220;4.16&#8243; _module_preset=&#8220;default&#8220; global_colors_info=&#8220;{}&#8220;][et_pb_image src=&#8220;https:\/\/litil-hamburg.com\/wp-content\/uploads\/2021\/04\/FrauWausH_Sukkulente_Betontopf_Kaktus.png&#8220; alt=&#8220;Frau W. aus H. Betontopf Sukkulente&#8220; title_text=&#8220;FrauWausH Sukkulente Betontopf und Kaktus&#8220; _builder_version=&#8220;4.16&#8243; _module_preset=&#8220;default&#8220; global_colors_info=&#8220;{}&#8220;][\/et_pb_image][\/et_pb_column][\/et_pb_row][et_pb_row column_structure=&#8220;1_3,1_3,1_3&#8243; _builder_version=&#8220;4.16&#8243; _module_preset=&#8220;default&#8220; global_colors_info=&#8220;{}&#8220;][et_pb_column type=&#8220;1_3&#8243; _builder_version=&#8220;4.16&#8243; _module_preset=&#8220;default&#8220; global_colors_info=&#8220;{}&#8220;][et_pb_image src=&#8220;https:\/\/litil-hamburg.com\/wp-content\/uploads\/2021\/04\/FrauWausH_Postkarte_der-schlaue-Vogel.png&#8220; alt=&#8220;litil Frau W. aus H. Postkarte&#8220; title_text=&#8220;FrauWausH Postkarte Der schlaue Vogel &#8220; _builder_version=&#8220;4.16&#8243; _module_preset=&#8220;default&#8220; global_colors_info=&#8220;{}&#8220;][\/et_pb_image][\/et_pb_column][et_pb_column type=&#8220;1_3&#8243; _builder_version=&#8220;4.16&#8243; _module_preset=&#8220;default&#8220; global_colors_info=&#8220;{}&#8220;][et_pb_image src=&#8220;https:\/\/litil-hamburg.com\/wp-content\/uploads\/2021\/04\/FrauWausH_Notizblock_Schreibs-lieber-auf.png&#8220; alt=&#8220;litil Frau W. aus H. Notizblock&#8220; title_text=&#8220;FrauWausH Notizblock Schreibs lieber auf&#8220; _builder_version=&#8220;4.16&#8243; _module_preset=&#8220;default&#8220; global_colors_info=&#8220;{}&#8220;][\/et_pb_image][\/et_pb_column][et_pb_column type=&#8220;1_3&#8243; _builder_version=&#8220;4.16&#8243; _module_preset=&#8220;default&#8220; global_colors_info=&#8220;{}&#8220;][et_pb_image src=&#8220;https:\/\/litil-hamburg.com\/wp-content\/uploads\/2021\/04\/FrauWausH_Postkarte_So.png&#8220; alt=&#8220;litil Frau W. aus H. Postkarte So&#8220; title_text=&#8220;FrauWausH Postkarte So&#8220; _builder_version=&#8220;4.16&#8243; _module_preset=&#8220;default&#8220; global_colors_info=&#8220;{}&#8220;][\/et_pb_image][\/et_pb_column][\/et_pb_row][\/et_pb_section]<\/p>\n","protected":false},"excerpt":{"rendered":"<p>Frau W. aus H. Maren Maren ist ein in Bayern geborenes norddeutsches Deern, ist vor den Toren Hamburgs aufgewachsen und lebt seit Ewigkeiten mittendrin in der sch\u00f6nsten Stadt. Nach einem inspirierenden aber unvollendeten Architekturstudium mit einj\u00e4hrigem Abstecher nach Spanien wurde sie Grafikdesignerin. Als Frau W. aus H. geht sie mit offenen Augen und Ohren durch [&hellip;]<\/p>\n","protected":false},"author":4,"featured_media":0,"parent":0,"menu_order":0,"comment_status":"closed","ping_status":"closed","template":"","meta":{"_et_pb_use_builder":"on","_et_pb_old_content":"<!-- wp:divi\/placeholder \/-->","_et_gb_content_width":"","footnotes":""},"class_list":["post-225019","page","type-page","status-publish","hentry"],"_links":{"self":[{"href":"https:\/\/litil-hamburg.de\/en\/wp-json\/wp\/v2\/pages\/225019","targetHints":{"allow":["GET"]}}],"collection":[{"href":"https:\/\/litil-hamburg.de\/en\/wp-json\/wp\/v2\/pages"}],"about":[{"href":"https:\/\/litil-hamburg.de\/en\/wp-json\/wp\/v2\/types\/page"}],"author":[{"embeddable":true,"href":"https:\/\/litil-hamburg.de\/en\/wp-json\/wp\/v2\/users\/4"}],"replies":[{"embeddable":true,"href":"https:\/\/litil-hamburg.de\/en\/wp-json\/wp\/v2\/comments?post=225019"}],"version-history":[{"count":10,"href":"https:\/\/litil-hamburg.de\/en\/wp-json\/wp\/v2\/pages\/225019\/revisions"}],"predecessor-version":[{"id":226098,"href":"https:\/\/litil-hamburg.de\/en\/wp-json\/wp\/v2\/pages\/225019\/revisions\/226098"}],"wp:attachment":[{"href":"https:\/\/litil-hamburg.de\/en\/wp-json\/wp\/v2\/media?parent=225019"}],"curies":[{"name":"wp","href":"https:\/\/api.w.org\/{rel}","templated":true}]}}