{"id":225021,"date":"2021-03-27T18:51:45","date_gmt":"2021-03-27T17:51:45","guid":{"rendered":"https:\/\/litil-hamburg.com\/?page_id=225021"},"modified":"2022-05-08T21:27:05","modified_gmt":"2022-05-08T19:27:05","slug":"carmen-cripper","status":"publish","type":"page","link":"https:\/\/litil-hamburg.de\/en\/carmen-cripper\/","title":{"rendered":"Carmen | cripper"},"content":{"rendered":"<p>[et_pb_section fb_built=&#8220;1&#8243; admin_label=&#8220;Header&#8220; _builder_version=&#8220;4.9.3&#8243; background_color=&#8220;#EF3D57&#8243; use_background_color_gradient=&#8220;on&#8220; background_color_gradient_start=&#8220;#ffffff&#8220; background_color_gradient_end=&#8220;rgba(0,0,0,0)&#8220; background_color_gradient_direction=&#8220;115deg&#8220; background_color_gradient_start_position=&#8220;65%&#8220; background_color_gradient_end_position=&#8220;0%&#8220; background_enable_image=&#8220;off&#8220; background_position=&#8220;center_right&#8220; custom_padding=&#8220;||0px|||&#8220; background_color_phone=&#8220;RGBA(0,0,0,0)&#8220; background_last_edited=&#8220;on|phone&#8220; background_enable_color_phone=&#8220;on&#8220; use_background_color_gradient_phone=&#8220;off&#8220; background_color_gradient_start_position_tablet=&#8220;55%&#8220; background_color_gradient_start_position_phone=&#8220;35%&#8220; background_color_gradient_end_position_tablet=&#8220;55%&#8220; background_color_gradient_end_position_phone=&#8220;35%&#8220; box_shadow_style=&#8220;preset7&#8243; box_shadow_horizontal=&#8220;0px&#8220; box_shadow_vertical=&#8220;0px&#8220; box_shadow_color=&#8220;#ffffff&#8220; box_shadow_vertical_tablet=&#8220;-80vh&#8220; box_shadow_vertical_phone=&#8220;-90vh&#8220; box_shadow_vertical_last_edited=&#8220;on|phone&#8220; global_colors_info=&#8220;{}&#8220;][et_pb_row column_structure=&#8220;1_2,1_2&#8243; _builder_version=&#8220;4.4.9&#8243; global_colors_info=&#8220;{}&#8220;][et_pb_column type=&#8220;1_2&#8243; _builder_version=&#8220;4.4.9&#8243; z_index=&#8220;10&#8243; global_colors_info=&#8220;{}&#8220;][et_pb_text _builder_version=&#8220;4.9.3&#8243; header_font=&#8220;Montserrat|800||on|||||&#8220; header_text_color=&#8220;#F1D885&#8243; header_font_size=&#8220;3vw&#8220; header_line_height=&#8220;1.2em&#8220; header_2_font=&#8220;|700||on|||||&#8220; header_2_text_color=&#8220;#232323&#8243; header_2_font_size=&#8220;3vw&#8220; custom_margin=&#8220;|-22vw|||false|false&#8220; custom_margin_tablet=&#8220;|0vw|||false|false&#8220; custom_margin_phone=&#8220;&#8220; custom_margin_last_edited=&#8220;on|phone&#8220; header_font_size_tablet=&#8220;5vw&#8220; header_font_size_phone=&#8220;7vw&#8220; header_font_size_last_edited=&#8220;on|phone&#8220; header_2_font_size_tablet=&#8220;5vw&#8220; header_2_font_size_phone=&#8220;7vw&#8220; header_2_font_size_last_edited=&#8220;on|phone&#8220; locked=&#8220;off&#8220; global_colors_info=&#8220;{}&#8220;]<\/p>\n<h1><span style=\"color: #ef3d57;\">Cripper<\/span><\/h1>\n<h2>Carmen<\/h2>\n<p>[\/et_pb_text][et_pb_text _builder_version=&#8220;4.9.2&#8243; text_font=&#8220;Merriweather||||||||&#8220; text_text_color=&#8220;#000000&#8243; text_font_size=&#8220;16px&#8220; text_line_height=&#8220;2em&#8220; max_width=&#8220;400px&#8220; text_font_size_tablet=&#8220;18px&#8220; text_font_size_phone=&#8220;16px&#8220; text_font_size_last_edited=&#8220;on|phone&#8220; locked=&#8220;off&#8220; global_colors_info=&#8220;{}&#8220;]<\/p>\n<p><span>Carmen von<\/span><strong>\u00a0<\/strong><strong>CRIPPER \u2013 Chic le Strick<\/strong><span>\u00a0hat ein gro\u00dfes Faible f\u00fcr Wolle und Farben.<\/span><br \/><span>Haupts\u00e4chlich strickt und h\u00e4kelt sie Accessoires und legt dabei gro\u00dfen Wert auf hochwertige Materialien und gute Verarbeitung. Carmen\u00a0stellt ihre Modelle an einem manuellen Strickapparat her und vern\u00e4ht jedes St\u00fcck mit der Hand. H\u00e4kelarbeiten sind grunds\u00e4tzlich mit der Hand gefertigt.<\/span><br \/><span>Gestaltet werden die Einzelst\u00fccke und Kleinserien in vielen verschiedenen Farbt\u00f6nen, unabh\u00e4ngig vom aktuellen Modetrend \u2013 daf\u00fcr ist die Farbpalette einfach viel zu gro\u00df.<\/span><\/p>\n<p><span><\/span><\/p>\n<p>[\/et_pb_text][\/et_pb_column][et_pb_column type=&#8220;1_2&#8243; _builder_version=&#8220;4.4.9&#8243; global_colors_info=&#8220;{}&#8220;][et_pb_image src=&#8220;https:\/\/litil-hamburg.com\/wp-content\/uploads\/2021\/04\/litil_CRIPPER_Hamburg_Makramee_Blumenampel_PlantHanger_gruen_Wiesenblumen.png&#8220; alt=&#8220;litil Cripper Blumenampel Planthanger Wiesenblumen&#8220; title_text=&#8220;litil Cripper Blumenampel Planthanger Wiesenblumen&#8220; _builder_version=&#8220;4.9.3&#8243; locked=&#8220;off&#8220; global_colors_info=&#8220;{}&#8220;][\/et_pb_image][\/et_pb_column][\/et_pb_row][et_pb_row column_structure=&#8220;1_3,1_3,1_3&#8243; _builder_version=&#8220;4.4.9&#8243; custom_padding=&#8220;||0px|||&#8220; global_colors_info=&#8220;{}&#8220;][et_pb_column type=&#8220;1_3&#8243; _builder_version=&#8220;4.4.9&#8243; global_colors_info=&#8220;{}&#8220;][et_pb_text _builder_version=&#8220;4.9.2&#8243; link_text_color=&#8220;#EF3D57&#8243; link_font_size=&#8220;20px&#8220; header_5_font=&#8220;Merriweather||||||||&#8220; header_5_text_color=&#8220;#EF3D57&#8243; header_5_font_size=&#8220;20px&#8220; header_5_line_height=&#8220;2.4em&#8220; header_6_font=&#8220;||||||||&#8220; header_6_line_height=&#8220;1.4em&#8220; background_enable_color=&#8220;off&#8220; background_enable_image=&#8220;off&#8220; background_size=&#8220;contain&#8220; background_position=&#8220;center_left&#8220; custom_padding=&#8220;20px||20px|0px|true|false&#8220; link_option_url=&#8220;#&#8220; header_5_font_size_tablet=&#8220;30px&#8220; header_5_font_size_phone=&#8220;26px&#8220; header_5_font_size_last_edited=&#8220;on|phone&#8220; header_5_letter_spacing_tablet=&#8220;&#8220; header_5_letter_spacing_phone=&#8220;&#8220; header_5_letter_spacing_last_edited=&#8220;on|desktop&#8220; locked=&#8220;off&#8220; global_colors_info=&#8220;{}&#8220;]<\/p>\n<h5><span style=\"color: #f58466;\">Website<\/span><\/h5>\n<p>[\/et_pb_text][et_pb_button button_url=&#8220;https:\/\/www.cripper.net\/&#8220; url_new_window=&#8220;on&#8220; button_text=&#8220;zur Website&#8220; _builder_version=&#8220;4.9.3&#8243; _module_preset=&#8220;default&#8220; custom_button=&#8220;on&#8220; button_text_size=&#8220;17px&#8220; button_text_color=&#8220;#FFFFFF&#8220; button_bg_color=&#8220;#F58466&#8243; button_border_width=&#8220;2px&#8220; button_border_color=&#8220;RGBA(0,0,0,0)&#8220; button_border_radius=&#8220;4px&#8220; custom_margin=&#8220;-50px||||false|false&#8220; global_colors_info=&#8220;{}&#8220;][\/et_pb_button][et_pb_image src=&#8220;https:\/\/litil-hamburg.com\/wp-content\/uploads\/2021\/04\/CRIPPER-logo.png&#8220; title_text=&#8220;CRIPPER-logo&#8220; url=&#8220;https:\/\/www.cripper.net\/&#8220; url_new_window=&#8220;on&#8220; _builder_version=&#8220;4.9.3&#8243; _module_preset=&#8220;default&#8220; transform_scale=&#8220;125%|125%&#8220; transform_scale_tablet=&#8220;80%|80%&#8220; transform_scale_phone=&#8220;100%|100%&#8220; transform_scale_last_edited=&#8220;on|desktop&#8220; transform_translate=&#8220;-8px|0px&#8220; transform_translate_tablet=&#8220;-61px|0px&#8220; transform_translate_phone=&#8220;-23px|0px&#8220; transform_translate_last_edited=&#8220;on|phone&#8220; transform_translate_linked=&#8220;off&#8220; transform_rotate_tablet=&#8220;&#8220; transform_rotate_phone=&#8220;&#8220; transform_rotate_last_edited=&#8220;on|desktop&#8220; transform_skew_tablet=&#8220;&#8220; transform_skew_phone=&#8220;&#8220; transform_skew_last_edited=&#8220;on|desktop&#8220; transform_origin_tablet=&#8220;&#8220; transform_origin_phone=&#8220;&#8220; transform_origin_last_edited=&#8220;on|desktop&#8220; transform_styles_last_edited=&#8220;on|phone&#8220; width=&#8220;50%&#8220; module_alignment=&#8220;left&#8220; custom_margin=&#8220;||||false|false&#8220; custom_margin_tablet=&#8220;&#8220; custom_margin_phone=&#8220;&#8220; custom_margin_last_edited=&#8220;on|desktop&#8220; custom_padding=&#8220;|||25px|false|false&#8220; transform_styles_tablet=&#8220;&#8220; transform_styles_phone=&#8220;&#8220; global_colors_info=&#8220;{}&#8220;][\/et_pb_image][\/et_pb_column][et_pb_column type=&#8220;1_3&#8243; _builder_version=&#8220;4.4.9&#8243; global_colors_info=&#8220;{}&#8220;][et_pb_text _builder_version=&#8220;4.14.8&#8243; text_text_color=&#8220;#F58466&#8243; link_text_color=&#8220;#EF3D57&#8243; link_font_size=&#8220;20px&#8220; header_5_font=&#8220;Merriweather||||||||&#8220; header_5_text_color=&#8220;#F58466&#8243; header_5_font_size=&#8220;20px&#8220; header_5_line_height=&#8220;1.7em&#8220; header_6_font=&#8220;||||||||&#8220; header_6_line_height=&#8220;1.4em&#8220; background_enable_color=&#8220;off&#8220; background_enable_image=&#8220;off&#8220; background_size=&#8220;contain&#8220; background_position=&#8220;center_left&#8220; custom_padding=&#8220;20px||20px|0px|true|false&#8220; link_option_url=&#8220;#&#8220; hover_enabled=&#8220;0&#8243; header_5_font_size_tablet=&#8220;30px&#8220; header_5_font_size_phone=&#8220;26px&#8220; header_5_font_size_last_edited=&#8220;on|phone&#8220; header_5_letter_spacing_tablet=&#8220;&#8220; header_5_letter_spacing_phone=&#8220;&#8220; header_5_letter_spacing_last_edited=&#8220;on|desktop&#8220; header_6_font_size_tablet=&#8220;20px&#8220; header_6_font_size_phone=&#8220;18px&#8220; header_6_font_size_last_edited=&#8220;off|desktop&#8220; locked=&#8220;off&#8220; global_colors_info=&#8220;{}&#8220; sticky_enabled=&#8220;0&#8243;]<\/p>\n<h5>Ladentage:<br \/>keine <br \/>(ausgeschiedenes Ehrenmitglied)<\/h5>\n<p>[\/et_pb_text][\/et_pb_column][et_pb_column type=&#8220;1_3&#8243; _builder_version=&#8220;4.4.9&#8243; global_colors_info=&#8220;{}&#8220;][et_pb_social_media_follow _builder_version=&#8220;4.9.3&#8243; _module_preset=&#8220;default&#8220; custom_margin=&#8220;20px|||20px|false|false&#8220; custom_margin_tablet=&#8220;&#8220; custom_margin_phone=&#8220;&#8220; custom_margin_last_edited=&#8220;on|desktop&#8220; global_colors_info=&#8220;{}&#8220;][et_pb_social_media_follow_network social_network=&#8220;facebook&#8220; url=&#8220;https:\/\/www.facebook.com\/cripperstrick&#8220; icon_color=&#8220;#EF3D57&#8243; _builder_version=&#8220;4.9.3&#8243; _module_preset=&#8220;default&#8220; background_color=&#8220;#FFFFFF&#8220; background_enable_color=&#8220;on&#8220; border_radii=&#8220;on|25px|25px|25px|25px&#8220; border_color_all=&#8220;RGBA(0,0,0,0)&#8220; global_colors_info=&#8220;{}&#8220; follow_button=&#8220;off&#8220; url_new_window=&#8220;on&#8220;]facebook[\/et_pb_social_media_follow_network][et_pb_social_media_follow_network social_network=&#8220;instagram&#8220; url=&#8220;https:\/\/www.instagram.com\/cripperstrick\/&#8220; icon_color=&#8220;#EF3D57&#8243; _builder_version=&#8220;4.9.3&#8243; _module_preset=&#8220;default&#8220; background_color=&#8220;#FFFFFF&#8220; background_enable_color=&#8220;on&#8220; border_radii=&#8220;on|25px|25px|25px|25px&#8220; border_color_all=&#8220;RGBA(0,0,0,0)&#8220; global_colors_info=&#8220;{}&#8220; follow_button=&#8220;off&#8220; url_new_window=&#8220;on&#8220;]instagram[\/et_pb_social_media_follow_network][\/et_pb_social_media_follow][\/et_pb_column][\/et_pb_row][\/et_pb_section][et_pb_section fb_built=&#8220;1&#8243; _builder_version=&#8220;4.9.2&#8243; _module_preset=&#8220;default&#8220; global_colors_info=&#8220;{}&#8220;][et_pb_row _builder_version=&#8220;4.4.9&#8243; width=&#8220;100%&#8220; max_width=&#8220;100%&#8220; global_colors_info=&#8220;{}&#8220;][et_pb_column type=&#8220;4_4&#8243; _builder_version=&#8220;4.4.9&#8243; global_colors_info=&#8220;{}&#8220;][et_pb_divider color=&#8220;#000000&#8243; divider_weight=&#8220;6px&#8220; _builder_version=&#8220;4.4.9&#8243; width=&#8220;90%&#8220; width_tablet=&#8220;80%&#8220; width_phone=&#8220;&#8220; width_last_edited=&#8220;on|phone&#8220; module_alignment=&#8220;center&#8220; global_colors_info=&#8220;{}&#8220;][\/et_pb_divider][\/et_pb_column][\/et_pb_row][et_pb_row column_structure=&#8220;1_2,1_2&#8243; _builder_version=&#8220;4.9.2&#8243; _module_preset=&#8220;default&#8220; global_colors_info=&#8220;{}&#8220;][et_pb_column type=&#8220;1_2&#8243; _builder_version=&#8220;4.9.2&#8243; _module_preset=&#8220;default&#8220; global_colors_info=&#8220;{}&#8220;][et_pb_text _builder_version=&#8220;4.9.2&#8243; _module_preset=&#8220;default&#8220; header_2_font=&#8220;|700||on|||||&#8220; header_2_text_color=&#8220;#F58466&#8243; global_colors_info=&#8220;{}&#8220;]<\/p>\n<h2><span style=\"color: #ef3d57;\">Materialien<\/span><\/h2>\n<p><span>F\u00fcr ihre Strickwaren bevorzugt sie Materialien aus reinen Naturgarnen wie Merinowolle, Mohairwolle und Baumwolle. Bei ihren H\u00e4kelarbeiten verwendet Carmen sehr unterschiedliche Materialien von Neongarn \u00fcber Effektwolle bis zu recyceltem Jerseystoff.<br \/><\/span><span>Je nachdem welche Wirkung sie erzielen m\u00f6chte.<\/span><br \/><span><\/span><\/p>\n<p><span>Sie gestaltet auch andere Objekte wie die Puppentroph\u00e4en f\u00fcr das Mo&amp;Friese KinderKurzFilmFestival, H\u00e4kelkirschen als Baumschmuck f\u00fcr den Textilen Kunstwanderweg, Prinzessinnenkrone und Wikingerhelm f\u00fcr die Faschingskost\u00fcme ihrer Kinder oder den Sessel\u00fcberzug f\u00fcr unseren Laden.<\/span><\/p>\n<p>&nbsp;<\/p>\n<p>[\/et_pb_text][\/et_pb_column][et_pb_column type=&#8220;1_2&#8243; _builder_version=&#8220;4.9.2&#8243; _module_preset=&#8220;default&#8220; global_colors_info=&#8220;{}&#8220;][et_pb_text _builder_version=&#8220;4.9.3&#8243; _module_preset=&#8220;default&#8220; header_2_font=&#8220;|700||on|||||&#8220; header_2_text_color=&#8220;#F58466&#8243; global_colors_info=&#8220;{}&#8220;]<\/p>\n<h2><span style=\"color: #ef3d57;\">Kurse<\/span><\/h2>\n<p><span>Carmen gibt ihr Wissen\u00a0gerne weiter. Sie leitet Strick- und H\u00e4kelkurse und freut sich sehr \u00fcber das rege Interesse an\u00a0Handarbeiten. In unserer schnelllebigen Zeit findet sie die bewusste Langsamkeit, die das Handarbeiten automatisch mit sich bringt, sehr befriedigend &#8211; wochenlang arbeitet man an einem Modell und die Belohnung daf\u00fcr ist wunderbar \u2013 ein mit den eigenen H\u00e4nden erschaffenes Kleidungsst\u00fcck tragen zu k\u00f6nnen!<br \/>Ihre Leidenschaft f\u00fcrs Handarbeiten wurde schon im Grundschulalter gelegt als sie ihre Monchichis \u2013 das sind diese kleinen, affen\u00e4hnlichen Puppen &#8211; mit selbst gestrickten, geh\u00e4kelten oder gen\u00e4hten Sachen eindeckte. Von Kleidung \u00fcber Wohn- und Schlafzubeh\u00f6r wurde alles selbst gemacht. Sp\u00e4ter wagte sie sich an gr\u00f6\u00dfere Kleidung und strickte und h\u00e4kelte immer und \u00fcberall \u2013 sogar unter dem Schreibtisch in der Schule. Das man daraus auch einen Beruf machen kann, war Carmen lange nicht klar. Darum ging sie erstmal andere Wege \u00fcber Berufsausbildung und Studium, um sich dann als Strickdesignerin selbst\u00e4ndig zu machen. Zum Gl\u00fcck!<\/span><br \/><span>Gestrickt werden M\u00fctzen, Schals, Stulpen, Stirnb\u00e4nder, T\u00fccher, Stolen usw. Wer Lust hat, kann sich auch gerne selbst eine Farbkombination f\u00fcr seine eigene individuelle M\u00fctze ausdenken und Carmen setzt diese dann in Strick um.<\/span><br \/><span>Geh\u00e4kelt werden kleinere Schmuckst\u00fccke wie Armb\u00e4nder, Halsketten, Prinzessinnenkronen, Haarspangen, Herzen, Ringe, Blumen oder\u00a0Kirschen.\u00a0<\/span><span>Gerne werden auch mal Dinge ausprobiert:\u00a0wie einen Adventskranz zu umstricken oder auch einen Sessel.\u00a0\u00a0<\/span><span>Ab und an werden sogar Puppen gestrickt.<\/span><\/p>\n<p><span><\/span><\/p>\n<p><span>Und in naher Zukunft sind Pullover und Hosen geplant.<\/span><\/p>\n<p>[\/et_pb_text][\/et_pb_column][\/et_pb_row][\/et_pb_section][et_pb_section fb_built=&#8220;1&#8243; admin_label=&#8220;CV&#8220; _builder_version=&#8220;4.9.2&#8243; custom_margin=&#8220;||-105px||false|false&#8220; global_colors_info=&#8220;{}&#8220;][et_pb_row _builder_version=&#8220;4.4.9&#8243; width=&#8220;100%&#8220; max_width=&#8220;100%&#8220; global_colors_info=&#8220;{}&#8220;][et_pb_column type=&#8220;4_4&#8243; _builder_version=&#8220;4.4.9&#8243; global_colors_info=&#8220;{}&#8220;][et_pb_divider color=&#8220;#000000&#8243; divider_weight=&#8220;6px&#8220; _builder_version=&#8220;4.4.9&#8243; width=&#8220;90%&#8220; width_tablet=&#8220;80%&#8220; width_phone=&#8220;&#8220; width_last_edited=&#8220;on|phone&#8220; module_alignment=&#8220;center&#8220; global_colors_info=&#8220;{}&#8220;][\/et_pb_divider][\/et_pb_column][\/et_pb_row][et_pb_row _builder_version=&#8220;4.4.9&#8243; global_colors_info=&#8220;{}&#8220;][et_pb_column type=&#8220;4_4&#8243; _builder_version=&#8220;4.4.9&#8243; global_colors_info=&#8220;{}&#8220;][et_pb_text _builder_version=&#8220;4.9.2&#8243; header_2_font=&#8220;Merriweather||||||||&#8220; header_2_text_color=&#8220;#000000&#8243; header_2_font_size=&#8220;50px&#8220; header_2_line_height=&#8220;1.2em&#8220; text_orientation=&#8220;center&#8220; header_2_font_size_tablet=&#8220;40px&#8220; header_2_font_size_phone=&#8220;35px&#8220; header_2_font_size_last_edited=&#8220;on|phone&#8220; locked=&#8220;off&#8220; global_colors_info=&#8220;{}&#8220;]<\/p>\n<h2>Carmens Produkte<\/h2>\n<p>[\/et_pb_text][\/et_pb_column][\/et_pb_row][et_pb_row column_structure=&#8220;1_3,1_3,1_3&#8243; _builder_version=&#8220;4.4.9&#8243; global_colors_info=&#8220;{}&#8220;][et_pb_column type=&#8220;1_3&#8243; _builder_version=&#8220;4.4.9&#8243; global_colors_info=&#8220;{}&#8220;][et_pb_text _builder_version=&#8220;4.9.3&#8243; text_font=&#8220;Merriweather||||||||&#8220; text_text_color=&#8220;#000000&#8243; text_font_size=&#8220;22px&#8220; text_line_height=&#8220;1.8em&#8220; max_width=&#8220;400px&#8220; text_font_size_tablet=&#8220;18px&#8220; text_font_size_phone=&#8220;16px&#8220; text_font_size_last_edited=&#8220;on|phone&#8220; text_orientation_tablet=&#8220;&#8220; text_orientation_phone=&#8220;center&#8220; text_orientation_last_edited=&#8220;on|phone&#8220; locked=&#8220;off&#8220; global_colors_info=&#8220;{}&#8220;]<\/p>\n<p>Makramee-Blumenampeln, Armb\u00e4nder, Stulpen, M\u00fctzen<\/p>\n<p>[\/et_pb_text][\/et_pb_column][et_pb_column type=&#8220;1_3&#8243; _builder_version=&#8220;4.4.9&#8243; global_colors_info=&#8220;{}&#8220;][et_pb_image src=&#8220;https:\/\/litil-hamburg.com\/wp-content\/uploads\/2021\/04\/litil_CRIPPER_Makramee_Blumenampel_planthanger.png&#8220; alt=&#8220;Litil CRIPPER Makramee Blumenampel&#8220; title_text=&#8220;Litil CRIPPER Makramee Blumenampel&#8220; _builder_version=&#8220;4.9.3&#8243; _module_preset=&#8220;default&#8220; global_colors_info=&#8220;{}&#8220;][\/et_pb_image][\/et_pb_column][et_pb_column type=&#8220;1_3&#8243; _builder_version=&#8220;4.4.9&#8243; global_colors_info=&#8220;{}&#8220;][et_pb_image src=&#8220;https:\/\/litil-hamburg.com\/wp-content\/uploads\/2021\/04\/litil_CRIPPER_Haarband_Stirnband_rosa.png&#8220; alt=&#8220;litil CRIPPER Stirnband Haarband&#8220; title_text=&#8220;litil CRIPPER Stirnband Haarband&#8220; _builder_version=&#8220;4.9.3&#8243; _module_preset=&#8220;default&#8220; global_colors_info=&#8220;{}&#8220;][\/et_pb_image][\/et_pb_column][\/et_pb_row][\/et_pb_section][et_pb_section fb_built=&#8220;1&#8243; admin_label=&#8220;Features&#8220; _builder_version=&#8220;4.4.9&#8243; global_colors_info=&#8220;{}&#8220;][et_pb_row column_structure=&#8220;1_3,1_3,1_3&#8243; _builder_version=&#8220;4.4.9&#8243; global_colors_info=&#8220;{}&#8220;][et_pb_column type=&#8220;1_3&#8243; _builder_version=&#8220;4.4.9&#8243; global_colors_info=&#8220;{}&#8220;][et_pb_image src=&#8220;https:\/\/litil-hamburg.com\/wp-content\/uploads\/2021\/04\/litil_CRIPPER_Muetzen.png&#8220; alt=&#8220;litil CRIPPER M\u00fctzen&#8220; title_text=&#8220;litil_CRIPPER_Muetzen&#8220; _builder_version=&#8220;4.9.3&#8243; _module_preset=&#8220;default&#8220; global_colors_info=&#8220;{}&#8220;][\/et_pb_image][\/et_pb_column][et_pb_column type=&#8220;1_3&#8243; _builder_version=&#8220;4.4.9&#8243; global_colors_info=&#8220;{}&#8220;][et_pb_image src=&#8220;https:\/\/litil-hamburg.com\/wp-content\/uploads\/2021\/04\/litil_CRIPPER_Makramee_Armband.png&#8220; alt=&#8220;litil CRIPPER Makramee Armband&#8220; title_text=&#8220;litil CRIPPER Makramee Armband&#8220; _builder_version=&#8220;4.9.3&#8243; _module_preset=&#8220;default&#8220; global_colors_info=&#8220;{}&#8220;][\/et_pb_image][\/et_pb_column][et_pb_column type=&#8220;1_3&#8243; _builder_version=&#8220;4.4.9&#8243; global_colors_info=&#8220;{}&#8220;][et_pb_image src=&#8220;https:\/\/litil-hamburg.com\/wp-content\/uploads\/2021\/04\/litil_CRIPPER_Stulpen.png&#8220; alt=&#8220;litil CRIPPER Stulpen&#8220; title_text=&#8220;litil CRIPPER Stulpen&#8220; _builder_version=&#8220;4.9.3&#8243; _module_preset=&#8220;default&#8220; global_colors_info=&#8220;{}&#8220;][\/et_pb_image][\/et_pb_column][\/et_pb_row][\/et_pb_section]<\/p>\n","protected":false},"excerpt":{"rendered":"<p>Cripper CarmenCarmen von\u00a0CRIPPER \u2013 Chic le Strick\u00a0hat ein gro\u00dfes Faible f\u00fcr Wolle und Farben.Haupts\u00e4chlich strickt und h\u00e4kelt sie Accessoires und legt dabei gro\u00dfen Wert auf hochwertige Materialien und gute Verarbeitung. Carmen\u00a0stellt ihre Modelle an einem manuellen Strickapparat her und vern\u00e4ht jedes St\u00fcck mit der Hand. H\u00e4kelarbeiten sind grunds\u00e4tzlich mit der Hand gefertigt.Gestaltet werden die Einzelst\u00fccke [&hellip;]<\/p>\n","protected":false},"author":4,"featured_media":0,"parent":0,"menu_order":0,"comment_status":"closed","ping_status":"closed","template":"","meta":{"_et_pb_use_builder":"on","_et_pb_old_content":"<!-- wp:divi\/placeholder \/-->","_et_gb_content_width":"","footnotes":""},"class_list":["post-225021","page","type-page","status-publish","hentry"],"_links":{"self":[{"href":"https:\/\/litil-hamburg.de\/en\/wp-json\/wp\/v2\/pages\/225021","targetHints":{"allow":["GET"]}}],"collection":[{"href":"https:\/\/litil-hamburg.de\/en\/wp-json\/wp\/v2\/pages"}],"about":[{"href":"https:\/\/litil-hamburg.de\/en\/wp-json\/wp\/v2\/types\/page"}],"author":[{"embeddable":true,"href":"https:\/\/litil-hamburg.de\/en\/wp-json\/wp\/v2\/users\/4"}],"replies":[{"embeddable":true,"href":"https:\/\/litil-hamburg.de\/en\/wp-json\/wp\/v2\/comments?post=225021"}],"version-history":[{"count":10,"href":"https:\/\/litil-hamburg.de\/en\/wp-json\/wp\/v2\/pages\/225021\/revisions"}],"predecessor-version":[{"id":225776,"href":"https:\/\/litil-hamburg.de\/en\/wp-json\/wp\/v2\/pages\/225021\/revisions\/225776"}],"wp:attachment":[{"href":"https:\/\/litil-hamburg.de\/en\/wp-json\/wp\/v2\/media?parent=225021"}],"curies":[{"name":"wp","href":"https:\/\/api.w.org\/{rel}","templated":true}]}}