{"id":225023,"date":"2021-03-27T18:52:02","date_gmt":"2021-03-27T17:52:02","guid":{"rendered":"https:\/\/litil-hamburg.com\/?page_id=225023"},"modified":"2021-04-26T10:54:30","modified_gmt":"2021-04-26T08:54:30","slug":"jessica-studio-jam","status":"publish","type":"page","link":"https:\/\/litil-hamburg.de\/en\/jessica-studio-jam\/","title":{"rendered":"Jessica | studio jam"},"content":{"rendered":"<p>[et_pb_section fb_built=&#8220;1&#8243; admin_label=&#8220;Header&#8220; _builder_version=&#8220;4.9.3&#8243; background_color=&#8220;#4EBE98&#8243; use_background_color_gradient=&#8220;on&#8220; background_color_gradient_start=&#8220;#ffffff&#8220; background_color_gradient_end=&#8220;rgba(0,0,0,0)&#8220; background_color_gradient_direction=&#8220;100deg&#8220; background_color_gradient_start_position=&#8220;65%&#8220; background_color_gradient_end_position=&#8220;0%&#8220; background_enable_image=&#8220;off&#8220; background_position=&#8220;center_right&#8220; custom_padding=&#8220;||0px|||&#8220; background_color_phone=&#8220;RGBA(0,0,0,0)&#8220; background_last_edited=&#8220;on|tablet&#8220; background_enable_color_phone=&#8220;on&#8220; use_background_color_gradient_phone=&#8220;off&#8220; background_color_gradient_start_position_tablet=&#8220;55%&#8220; background_color_gradient_start_position_phone=&#8220;35%&#8220; background_color_gradient_end_position_tablet=&#8220;55%&#8220; background_color_gradient_end_position_phone=&#8220;35%&#8220; box_shadow_style=&#8220;preset7&#8243; box_shadow_horizontal=&#8220;0px&#8220; box_shadow_vertical=&#8220;0px&#8220; box_shadow_color=&#8220;#ffffff&#8220; box_shadow_vertical_tablet=&#8220;-80vh&#8220; box_shadow_vertical_phone=&#8220;-90vh&#8220; box_shadow_vertical_last_edited=&#8220;on|phone&#8220;][et_pb_row column_structure=&#8220;1_2,1_2&#8243; _builder_version=&#8220;4.9.3&#8243;][et_pb_column type=&#8220;1_2&#8243; _builder_version=&#8220;4.4.9&#8243; z_index=&#8220;10&#8243;][et_pb_text _builder_version=&#8220;4.9.2&#8243; header_font=&#8220;Montserrat|800||on|||||&#8220; header_text_color=&#8220;#F1D885&#8243; header_font_size=&#8220;3vw&#8220; header_line_height=&#8220;1.2em&#8220; header_2_font=&#8220;|700||on|||||&#8220; header_2_text_color=&#8220;#232323&#8243; header_2_font_size=&#8220;3vw&#8220; custom_margin=&#8220;|-22vw|||false|false&#8220; custom_margin_tablet=&#8220;|0vw|||false|false&#8220; custom_margin_phone=&#8220;&#8220; custom_margin_last_edited=&#8220;on|phone&#8220; header_font_size_tablet=&#8220;5vw&#8220; header_font_size_phone=&#8220;7vw&#8220; header_font_size_last_edited=&#8220;on|phone&#8220; header_2_font_size_tablet=&#8220;5vw&#8220; header_2_font_size_phone=&#8220;7vw&#8220; header_2_font_size_last_edited=&#8220;on|phone&#8220; locked=&#8220;off&#8220;]<\/p>\n<h1><span style=\"color: #4ebe98;\">Studio Jam<\/span><\/h1>\n<h2>Jessica<\/h2>\n<p>[\/et_pb_text][et_pb_text _builder_version=&#8220;4.9.2&#8243; text_font=&#8220;Merriweather||||||||&#8220; text_text_color=&#8220;#000000&#8243; text_font_size=&#8220;16px&#8220; text_line_height=&#8220;2em&#8220; max_width=&#8220;400px&#8220; text_font_size_tablet=&#8220;18px&#8220; text_font_size_phone=&#8220;16px&#8220; text_font_size_last_edited=&#8220;on|phone&#8220; locked=&#8220;off&#8220;]<\/p>\n<p>Jessica Mancuso bringt eine Brise gro\u00dfe weite Welt in unseren Laden, denn sie kommt urspr\u00fcnglich aus Melbourne, Australien. Da sie jetzt schon so viele Jahre in Hamburg lebt, lebt auch ein St\u00fcck ihres Herzens hier in unserer Stadt. Vielleicht kennst Du schon ihre handgefertigte Auswahl an einzigartigen Sockentieren? Jessica hat aber noch viel mehr im Repertoire: Sie ist ausgebildete K\u00fcnstlerin, Buchbinderin und sammelt mit gro\u00dfer Leidenschaft Vintage-Kn\u00f6pfe und Stoffe aus der ganzen Welt, die sie in ihren einzigartigen Schmuckst\u00fccken, Fotoalben und Sketchbooks verarbeitet.<\/p>\n<p>Das L\u00edtil ist f\u00fcr Jessica der perfekte Ort, um ihr Spektrum an handgefertigten Liebschaften zu pr\u00e4sentieren \u2013 unter ihren beiden Labels \u2018Gus and Ollie\u2019 und \u2018Studio Jam\u2019.<\/p>\n<p><span><\/span><\/p>\n<p>[\/et_pb_text][\/et_pb_column][et_pb_column type=&#8220;1_2&#8243; _builder_version=&#8220;4.4.9&#8243;][et_pb_image src=&#8220;https:\/\/litil-hamburg.de\/wp-content\/uploads\/2021\/04\/20201022_161056-1-scaled.jpg&#8220; alt=&#8220;Gus and Ollie \/ Studio JAM&#8220; title_text=&#8220;Gus and Ollie \/ Studio JAM&#8220; url=&#8220;https:\/\/www.instagram.com\/gusandollie\/&#8220; admin_label=&#8220;Gus and Ollie \/ Studio JAM&#8220; _builder_version=&#8220;4.9.3&#8243; width=&#8220;65%&#8220; module_alignment=&#8220;center&#8220; locked=&#8220;off&#8220;][\/et_pb_image][et_pb_image src=&#8220;https:\/\/litil-hamburg.de\/wp-content\/uploads\/2021\/04\/Screenshot_20201118-085056_Instagram.jpg&#8220; alt=&#8220;Gus and Ollie \/ Studio Jam&#8220; title_text=&#8220;Gus and Ollie \/ Studio Jam&#8220; url=&#8220;https:\/\/www.instagram.com\/gusandollie\/&#8220; admin_label=&#8220;Gus and Ollie \/ Studio JAM&#8220; _builder_version=&#8220;4.9.3&#8243; width=&#8220;66%&#8220; module_alignment=&#8220;center&#8220; locked=&#8220;off&#8220;][\/et_pb_image][\/et_pb_column][\/et_pb_row][et_pb_row column_structure=&#8220;1_3,1_3,1_3&#8243; _builder_version=&#8220;4.4.9&#8243; custom_padding=&#8220;||0px|||&#8220;][et_pb_column type=&#8220;1_3&#8243; _builder_version=&#8220;4.4.9&#8243;][et_pb_text _builder_version=&#8220;4.9.2&#8243; link_text_color=&#8220;#EF3D57&#8243; link_font_size=&#8220;20px&#8220; header_5_font=&#8220;Merriweather||||||||&#8220; header_5_text_color=&#8220;#EF3D57&#8243; header_5_font_size=&#8220;20px&#8220; header_5_line_height=&#8220;2.4em&#8220; header_6_font=&#8220;||||||||&#8220; header_6_line_height=&#8220;1.4em&#8220; background_enable_color=&#8220;off&#8220; background_enable_image=&#8220;off&#8220; background_size=&#8220;contain&#8220; background_position=&#8220;center_left&#8220; custom_padding=&#8220;20px||20px|0px|true|false&#8220; link_option_url=&#8220;#&#8220; header_5_font_size_tablet=&#8220;30px&#8220; header_5_font_size_phone=&#8220;26px&#8220; header_5_font_size_last_edited=&#8220;on|phone&#8220; header_5_letter_spacing_tablet=&#8220;&#8220; header_5_letter_spacing_phone=&#8220;&#8220; header_5_letter_spacing_last_edited=&#8220;on|desktop&#8220; locked=&#8220;off&#8220;]<\/p>\n<h5>Website \/ Onlineshop<\/h5>\n<p>[\/et_pb_text][et_pb_button button_url=&#8220;https:\/\/www.etsy.com\/de\/shop\/GusandOllie&#8220; url_new_window=&#8220;on&#8220; button_text=&#8220;zum Etsy Shop&#8220; _builder_version=&#8220;4.9.3&#8243; _module_preset=&#8220;default&#8220; custom_button=&#8220;on&#8220; button_text_color=&#8220;#FFFFFF&#8220; button_bg_color=&#8220;#EF3D57&#8243; button_border_width=&#8220;2px&#8220; button_border_color=&#8220;RGBA(0,0,0,0)&#8220; button_border_radius=&#8220;4px&#8220; custom_margin=&#8220;-50px||||false|false&#8220;][\/et_pb_button][et_pb_image src=&#8220;https:\/\/litil-hamburg.com\/wp-content\/uploads\/2021\/04\/Gus-and-Ollie.png&#8220; alt=&#8220;Studio Jam \/ Gus and Ollie&#8220; title_text=&#8220;Gus and Ollie&#8220; url=&#8220;https:\/\/www.instagram.com\/studiojamhandmade\/&#8220; url_new_window=&#8220;on&#8220; admin_label=&#8220;Studio JAM \/ Gus and Ollie &#8220; _builder_version=&#8220;4.9.3&#8243; _module_preset=&#8220;default&#8220; transform_scale_tablet=&#8220;80%|80%&#8220; transform_scale_phone=&#8220;100%|100%&#8220; transform_scale_last_edited=&#8220;on|tablet&#8220; transform_translate_tablet=&#8220;-96px|0px&#8220; transform_translate_phone=&#8220;-39px|0px&#8220; transform_translate_last_edited=&#8220;on|phone&#8220; transform_translate_linked_tablet=&#8220;off&#8220; transform_rotate_tablet=&#8220;&#8220; transform_rotate_phone=&#8220;&#8220; transform_rotate_last_edited=&#8220;on|desktop&#8220; transform_skew_tablet=&#8220;&#8220; transform_skew_phone=&#8220;&#8220; transform_skew_last_edited=&#8220;on|desktop&#8220; transform_origin_tablet=&#8220;&#8220; transform_origin_phone=&#8220;&#8220; transform_origin_last_edited=&#8220;on|desktop&#8220; transform_styles_last_edited=&#8220;on|phone&#8220; width=&#8220;50%&#8220; module_alignment=&#8220;left&#8220; custom_margin=&#8220;||||false|false&#8220; custom_margin_tablet=&#8220;&#8220; custom_margin_phone=&#8220;&#8220; custom_margin_last_edited=&#8220;on|desktop&#8220; custom_padding=&#8220;|||25px|false|false&#8220; transform_styles_tablet=&#8220;&#8220; transform_styles_phone=&#8220;&#8220;][\/et_pb_image][\/et_pb_column][et_pb_column type=&#8220;1_3&#8243; _builder_version=&#8220;4.4.9&#8243;][et_pb_text _builder_version=&#8220;4.9.3&#8243; link_text_color=&#8220;#EF3D57&#8243; link_font_size=&#8220;20px&#8220; header_5_font=&#8220;Merriweather||||||||&#8220; header_5_text_color=&#8220;#EF3D57&#8243; header_5_font_size=&#8220;20px&#8220; header_5_line_height=&#8220;1.7em&#8220; header_6_font=&#8220;||||||||&#8220; header_6_line_height=&#8220;1.4em&#8220; background_enable_color=&#8220;off&#8220; background_enable_image=&#8220;off&#8220; background_size=&#8220;contain&#8220; background_position=&#8220;center_left&#8220; transform_scale_tablet=&#8220;&#8220; transform_scale_phone=&#8220;&#8220; transform_scale_last_edited=&#8220;on|tablet&#8220; transform_translate_tablet=&#8220;0px|400px&#8220; transform_translate_phone=&#8220;0px|225px&#8220; transform_translate_last_edited=&#8220;on|phone&#8220; transform_translate_linked_tablet=&#8220;off&#8220; transform_rotate_tablet=&#8220;&#8220; transform_rotate_phone=&#8220;&#8220; transform_rotate_last_edited=&#8220;on|desktop&#8220; transform_skew_tablet=&#8220;&#8220; transform_skew_phone=&#8220;&#8220; transform_skew_last_edited=&#8220;on|desktop&#8220; transform_origin_tablet=&#8220;&#8220; transform_origin_phone=&#8220;&#8220; transform_origin_last_edited=&#8220;on|desktop&#8220; transform_styles_last_edited=&#8220;on|phone&#8220; custom_padding=&#8220;20px||20px|0px|true|false&#8220; link_option_url=&#8220;#&#8220; header_5_font_size_tablet=&#8220;30px&#8220; header_5_font_size_phone=&#8220;26px&#8220; header_5_font_size_last_edited=&#8220;on|phone&#8220; header_5_letter_spacing_tablet=&#8220;&#8220; header_5_letter_spacing_phone=&#8220;&#8220; header_5_letter_spacing_last_edited=&#8220;on|desktop&#8220; header_6_font_size_tablet=&#8220;20px&#8220; header_6_font_size_phone=&#8220;18px&#8220; header_6_font_size_last_edited=&#8220;off|desktop&#8220; transform_styles_tablet=&#8220;&#8220; transform_styles_phone=&#8220;&#8220; locked=&#8220;off&#8220;]<\/p>\n<h5>Ladentag: Donnerstag<\/h5>\n<p>[\/et_pb_text][et_pb_image src=&#8220;https:\/\/litil-hamburg.com\/wp-content\/uploads\/2021\/04\/Untitled-design-2.png&#8220; alt=&#8220;Studio Jam \/ Gus and Ollie&#8220; title_text=&#8220;Studio Jam \/ Gus and Ollie&#8220; url=&#8220;https:\/\/www.instagram.com\/gusandollie\/&#8220; admin_label=&#8220;Studio JAM \/ Gus and Ollie &#8220; _builder_version=&#8220;4.9.3&#8243; _module_preset=&#8220;default&#8220; transform_scale_tablet=&#8220;70%|70%&#8220; transform_scale_phone=&#8220;100%|100%&#8220; transform_scale_last_edited=&#8220;on|tablet&#8220; transform_translate_tablet=&#8220;-187px|-350px&#8220; transform_translate_phone=&#8220;-25px|-140px&#8220; transform_translate_last_edited=&#8220;on|phone&#8220; transform_translate_linked_tablet=&#8220;off&#8220; transform_rotate_tablet=&#8220;&#8220; transform_rotate_phone=&#8220;&#8220; transform_rotate_last_edited=&#8220;on|desktop&#8220; transform_skew_tablet=&#8220;&#8220; transform_skew_phone=&#8220;&#8220; transform_skew_last_edited=&#8220;on|desktop&#8220; transform_origin_tablet=&#8220;&#8220; transform_origin_phone=&#8220;&#8220; transform_origin_last_edited=&#8220;on|desktop&#8220; transform_styles_last_edited=&#8220;on|phone&#8220; width=&#8220;91.1%&#8220; min_height=&#8220;191px&#8220; custom_margin=&#8220;30px||-33px|||&#8220; custom_padding=&#8220;|124px|17px|2px||&#8220; transform_styles_tablet=&#8220;&#8220; transform_styles_phone=&#8220;&#8220;][\/et_pb_image][\/et_pb_column][et_pb_column type=&#8220;1_3&#8243; _builder_version=&#8220;4.4.9&#8243;][et_pb_social_media_follow _builder_version=&#8220;4.9.3&#8243; _module_preset=&#8220;default&#8220; custom_margin=&#8220;20px|||20px|false|false&#8220; custom_margin_tablet=&#8220;&#8220; custom_margin_phone=&#8220;&#8220; custom_margin_last_edited=&#8220;on|desktop&#8220; custom_padding=&#8220;0px|||||&#8220;][et_pb_social_media_follow_network social_network=&#8220;facebook&#8220; url=&#8220;https:\/\/www.facebook.com\/GusandOllieHH&#8220; icon_color=&#8220;#4EBE98&#8243; _builder_version=&#8220;4.9.3&#8243; _module_preset=&#8220;default&#8220; background_color=&#8220;#FFFFFF&#8220; background_enable_color=&#8220;on&#8220; border_radii=&#8220;on|25px|25px|25px|25px&#8220; border_color_all=&#8220;RGBA(0,0,0,0)&#8220; follow_button=&#8220;off&#8220; url_new_window=&#8220;on&#8220;]facebook[\/et_pb_social_media_follow_network][et_pb_social_media_follow_network social_network=&#8220;instagram&#8220; url=&#8220;https:\/\/www.instagram.com\/gusandollie\/&#8220; icon_color=&#8220;#4EBE98&#8243; _builder_version=&#8220;4.9.3&#8243; _module_preset=&#8220;default&#8220; background_color=&#8220;#FFFFFF&#8220; background_enable_color=&#8220;on&#8220; border_radii=&#8220;on|25px|25px|25px|25px&#8220; border_color_all=&#8220;RGBA(0,0,0,0)&#8220; follow_button=&#8220;off&#8220; url_new_window=&#8220;on&#8220;]instagram[\/et_pb_social_media_follow_network][et_pb_social_media_follow_network social_network=&#8220;pinterest&#8220; url=&#8220;https:\/\/www.pinterest.de\/GusandOllie\/_saved\/&#8220; icon_color=&#8220;#4EBE98&#8243; _builder_version=&#8220;4.9.3&#8243; _module_preset=&#8220;default&#8220; background_color=&#8220;#FFFFFF&#8220; background_enable_color=&#8220;on&#8220; border_radii=&#8220;on|25px|25px|25px|25px&#8220; border_color_all=&#8220;RGBA(0,0,0,0)&#8220; follow_button=&#8220;off&#8220; url_new_window=&#8220;on&#8220;]pinterest[\/et_pb_social_media_follow_network][\/et_pb_social_media_follow][\/et_pb_column][\/et_pb_row][\/et_pb_section][et_pb_section fb_built=&#8220;1&#8243; _builder_version=&#8220;4.9.2&#8243; _module_preset=&#8220;default&#8220; custom_padding=&#8220;57px|||||&#8220;][et_pb_row _builder_version=&#8220;4.4.9&#8243; width=&#8220;100%&#8220; max_width=&#8220;100%&#8220;][et_pb_column type=&#8220;4_4&#8243; _builder_version=&#8220;4.4.9&#8243;][et_pb_divider color=&#8220;#000000&#8243; divider_weight=&#8220;6px&#8220; _builder_version=&#8220;4.4.9&#8243; width=&#8220;90%&#8220; width_tablet=&#8220;80%&#8220; width_phone=&#8220;&#8220; width_last_edited=&#8220;on|phone&#8220; module_alignment=&#8220;center&#8220;][\/et_pb_divider][\/et_pb_column][\/et_pb_row][et_pb_row column_structure=&#8220;1_2,1_2&#8243; _builder_version=&#8220;4.9.2&#8243; _module_preset=&#8220;default&#8220;][et_pb_column type=&#8220;1_2&#8243; _builder_version=&#8220;4.9.2&#8243; _module_preset=&#8220;default&#8220;][et_pb_text _builder_version=&#8220;4.9.3&#8243; _module_preset=&#8220;default&#8220;]<\/p>\n<p>Mir haben handgefertigte Sachen immer am Herzen gelegen. Als ich von Melbourne, Australien nach Hamburg umgezogen bin, hatte ich die Gelegenheit, Vollzeit an meiner Kunst zu arbeiten, was ich nie vorher erlebt habe. Kuscheltiere hatte ich immer im Hinterkopf, aber erst als ich hierher gezogen bin, hatte ich die Zeit, diesen Traum zu realisieren. Nat\u00fcrlich mit Experimentieren, Frust und Triumph. Sockenaffen gibt es seit dem fr\u00fchen zwanzigsten Jahrhundert, urspr\u00fcnglich aus alten Socken gemacht, f\u00fcr Kinder von Familien, die sich Spielzeuge nicht leisten konnten. Ich habe hart gearbeitet, originelle Designs zu entwerfen, sicher, robust, liebenswert und einzigartig, mit ausgereifter Handwerkskunst. Ich entwerfe diese Kuscheltiere mit viel Liebe und hoffe, dass Du und Deine Freunde und Familie sie ebenso lieben.<\/p>\n<p>[\/et_pb_text][\/et_pb_column][et_pb_column type=&#8220;1_2&#8243; _builder_version=&#8220;4.9.2&#8243; _module_preset=&#8220;default&#8220;][et_pb_text _builder_version=&#8220;4.9.2&#8243; _module_preset=&#8220;default&#8220;]<\/p>\n<div><\/div>\n<div>Jedes Mitglied der \u00bbGus and Ollie\u00ab Familie ist von mir handgefertigt, aus komplett neuen Materialien und handbemalten ungiftige Sicherheitsaugen. Alle Familienmitglieder sind einzigartig. Jedes bekommt einen eigenen Namen, der am besten zu seinem niedlichen kleinen Gesicht passt. Dieser Name wird kein zweites Mal benutzt. Das ideale Geschenk f\u00fcr jedes Familienmitglied.<\/div>\n<p>[\/et_pb_text][\/et_pb_column][\/et_pb_row][\/et_pb_section][et_pb_section fb_built=&#8220;1&#8243; admin_label=&#8220;CV&#8220; _builder_version=&#8220;4.9.2&#8243; custom_margin=&#8220;||-105px||false|false&#8220;][et_pb_row _builder_version=&#8220;4.4.9&#8243; width=&#8220;100%&#8220; max_width=&#8220;100%&#8220;][et_pb_column type=&#8220;4_4&#8243; _builder_version=&#8220;4.4.9&#8243;][et_pb_divider color=&#8220;#000000&#8243; divider_weight=&#8220;6px&#8220; _builder_version=&#8220;4.4.9&#8243; width=&#8220;90%&#8220; width_tablet=&#8220;80%&#8220; width_phone=&#8220;&#8220; width_last_edited=&#8220;on|phone&#8220; module_alignment=&#8220;center&#8220;][\/et_pb_divider][\/et_pb_column][\/et_pb_row][et_pb_row _builder_version=&#8220;4.4.9&#8243;][et_pb_column type=&#8220;4_4&#8243; _builder_version=&#8220;4.4.9&#8243;][et_pb_text _builder_version=&#8220;4.9.2&#8243; header_2_font=&#8220;Merriweather||||||||&#8220; header_2_text_color=&#8220;#000000&#8243; header_2_font_size=&#8220;50px&#8220; header_2_line_height=&#8220;1.2em&#8220; text_orientation=&#8220;center&#8220; header_2_font_size_tablet=&#8220;40px&#8220; header_2_font_size_phone=&#8220;35px&#8220; header_2_font_size_last_edited=&#8220;on|phone&#8220; locked=&#8220;off&#8220;]<\/p>\n<h2>Jessicas Produkte<\/h2>\n<p>[\/et_pb_text][\/et_pb_column][\/et_pb_row][et_pb_row column_structure=&#8220;1_3,1_3,1_3&#8243; _builder_version=&#8220;4.4.9&#8243;][et_pb_column type=&#8220;1_3&#8243; _builder_version=&#8220;4.4.9&#8243;][et_pb_text _builder_version=&#8220;4.9.3&#8243; text_font=&#8220;Merriweather||||||||&#8220; text_text_color=&#8220;#000000&#8243; text_font_size=&#8220;22px&#8220; text_line_height=&#8220;1.8em&#8220; max_width=&#8220;400px&#8220; text_font_size_tablet=&#8220;18px&#8220; text_font_size_phone=&#8220;16px&#8220; text_font_size_last_edited=&#8220;on|phone&#8220; text_orientation_tablet=&#8220;&#8220; text_orientation_phone=&#8220;center&#8220; text_orientation_last_edited=&#8220;on|phone&#8220; locked=&#8220;off&#8220;]<\/p>\n<p>Herzerw\u00e4rmende Sockentiere, Greiftiere f\u00fcr Babies, niedliche Rasseln, au\u00dfergew\u00f6hnliche Broschen aber auch handgebundene B\u00fccher freuen sich, von Dir mit nach Hause genommen oder verschenkt zu werden.<\/p>\n<p>[\/et_pb_text][\/et_pb_column][et_pb_column type=&#8220;1_3&#8243; _builder_version=&#8220;4.4.9&#8243;][et_pb_image src=&#8220;https:\/\/litil-hamburg.com\/wp-content\/uploads\/2021\/04\/IMG_1029.jpg&#8220; alt=&#8220;Gus and Ollie \/ Studio Jam&#8220; title_text=&#8220;Gus and Ollie \/ Studio Jam&#8220; url=&#8220;https:\/\/www.etsy.com\/au\/shop\/GusandOllie&#8220; force_fullwidth=&#8220;on&#8220; admin_label=&#8220;Studio JAM \/ Gus and Ollie &#8220; _builder_version=&#8220;4.9.3&#8243; _module_preset=&#8220;default&#8220; min_height=&#8220;404px&#8220; custom_padding=&#8220;30px|||||&#8220;][\/et_pb_image][\/et_pb_column][et_pb_column type=&#8220;1_3&#8243; _builder_version=&#8220;4.4.9&#8243;][et_pb_image src=&#8220;https:\/\/litil-hamburg.com\/wp-content\/uploads\/2021\/04\/20191201_110729-1-scaled.jpg&#8220; alt=&#8220;Gus and Ollie \/ Studio Jam&#8220; title_text=&#8220;Gus and Ollie \/ Studio Jam&#8220; url=&#8220;https:\/\/www.etsy.com\/au\/shop\/GusandOllie&#8220; admin_label=&#8220;Studio JAM \/ Gus and Ollie &#8220; _builder_version=&#8220;4.9.3&#8243; _module_preset=&#8220;default&#8220;][\/et_pb_image][\/et_pb_column][\/et_pb_row][\/et_pb_section][et_pb_section fb_built=&#8220;1&#8243; admin_label=&#8220;Features&#8220; _builder_version=&#8220;4.9.3&#8243;][et_pb_row column_structure=&#8220;3_5,2_5&#8243; _builder_version=&#8220;4.9.2&#8243; _module_preset=&#8220;default&#8220;][et_pb_column type=&#8220;3_5&#8243; _builder_version=&#8220;4.9.2&#8243; _module_preset=&#8220;default&#8220;][et_pb_image src=&#8220;https:\/\/litil-hamburg.com\/wp-content\/uploads\/2021\/04\/20191201_111941-1-scaled.jpg&#8220; alt=&#8220;Gus and Ollie \/ Studio Jam&#8220; title_text=&#8220;Gus and Ollie \/ Studio Jam&#8220; url=&#8220;https:\/\/www.etsy.com\/au\/shop\/GusandOllie&#8220; admin_label=&#8220;Studio JAM \/ Gus and Ollie &#8220; _builder_version=&#8220;4.9.3&#8243; _module_preset=&#8220;default&#8220;][\/et_pb_image][\/et_pb_column][et_pb_column type=&#8220;2_5&#8243; _builder_version=&#8220;4.9.2&#8243; _module_preset=&#8220;default&#8220;][et_pb_image src=&#8220;https:\/\/litil-hamburg.com\/wp-content\/uploads\/2021\/04\/IMG_2577.jpg&#8220; title_text=&#8220;IMG_2577&#8243; _builder_version=&#8220;4.9.3&#8243; _module_preset=&#8220;default&#8220;][\/et_pb_image][\/et_pb_column][\/et_pb_row][et_pb_row column_structure=&#8220;1_2,1_4,1_4&#8243; _builder_version=&#8220;4.9.3&#8243; width=&#8220;100%&#8220;][et_pb_column type=&#8220;1_2&#8243; _builder_version=&#8220;4.4.9&#8243;][et_pb_image src=&#8220;https:\/\/litil-hamburg.com\/wp-content\/uploads\/2021\/04\/IMG_7763.jpg&#8220; title_text=&#8220;IMG_7763&#8243; _builder_version=&#8220;4.9.3&#8243; _module_preset=&#8220;default&#8220; hover_enabled=&#8220;0&#8243; width=&#8220;100%&#8220; sticky_enabled=&#8220;0&#8243;][\/et_pb_image][\/et_pb_column][et_pb_column type=&#8220;1_4&#8243; _builder_version=&#8220;4.4.9&#8243;][et_pb_image src=&#8220;https:\/\/litil-hamburg.de\/wp-content\/uploads\/2021\/04\/20200325_161757-scaled.jpg&#8220; _builder_version=&#8220;4.9.3&#8243; _module_preset=&#8220;default&#8220; alt=&#8220;Gus and Ollie \/ Studio JAM Handmade&#8220; title_text=&#8220;Gus and Ollie \/ Studio JAM Handmade&#8220; hover_enabled=&#8220;0&#8243; sticky_enabled=&#8220;0&#8243; custom_margin=&#8220;||124px|||&#8220; custom_padding=&#8220;|||0px||&#8220;][\/et_pb_image][\/et_pb_column][et_pb_column type=&#8220;1_4&#8243; _builder_version=&#8220;4.4.9&#8243;][et_pb_image src=&#8220;https:\/\/litil-hamburg.de\/wp-content\/uploads\/2021\/04\/IMG_5507-scaled.jpg&#8220; _builder_version=&#8220;4.9.3&#8243; _module_preset=&#8220;default&#8220; alt=&#8220;Gus and Ollie \/ Studio JAM Handmade&#8220; title_text=&#8220;Gus and Ollie \/ Studio JAM Handmade&#8220; hover_enabled=&#8220;0&#8243; sticky_enabled=&#8220;0&#8243;][\/et_pb_image][\/et_pb_column][\/et_pb_row][\/et_pb_section]<\/p>\n","protected":false},"excerpt":{"rendered":"<p>Studio Jam JessicaJessica Mancuso bringt eine Brise gro\u00dfe weite Welt in unseren Laden, denn sie kommt urspr\u00fcnglich aus Melbourne, Australien. Da sie jetzt schon so viele Jahre in Hamburg lebt, lebt auch ein St\u00fcck ihres Herzens hier in unserer Stadt. Vielleicht kennst Du schon ihre handgefertigte Auswahl an einzigartigen Sockentieren? Jessica hat aber noch viel [&hellip;]<\/p>\n","protected":false},"author":4,"featured_media":0,"parent":0,"menu_order":0,"comment_status":"closed","ping_status":"closed","template":"","meta":{"_et_pb_use_builder":"on","_et_pb_old_content":"<!-- wp:divi\/placeholder \/-->","_et_gb_content_width":"","footnotes":""},"class_list":["post-225023","page","type-page","status-publish","hentry"],"_links":{"self":[{"href":"https:\/\/litil-hamburg.de\/en\/wp-json\/wp\/v2\/pages\/225023","targetHints":{"allow":["GET"]}}],"collection":[{"href":"https:\/\/litil-hamburg.de\/en\/wp-json\/wp\/v2\/pages"}],"about":[{"href":"https:\/\/litil-hamburg.de\/en\/wp-json\/wp\/v2\/types\/page"}],"author":[{"embeddable":true,"href":"https:\/\/litil-hamburg.de\/en\/wp-json\/wp\/v2\/users\/4"}],"replies":[{"embeddable":true,"href":"https:\/\/litil-hamburg.de\/en\/wp-json\/wp\/v2\/comments?post=225023"}],"version-history":[{"count":10,"href":"https:\/\/litil-hamburg.de\/en\/wp-json\/wp\/v2\/pages\/225023\/revisions"}],"predecessor-version":[{"id":225802,"href":"https:\/\/litil-hamburg.de\/en\/wp-json\/wp\/v2\/pages\/225023\/revisions\/225802"}],"wp:attachment":[{"href":"https:\/\/litil-hamburg.de\/en\/wp-json\/wp\/v2\/media?parent=225023"}],"curies":[{"name":"wp","href":"https:\/\/api.w.org\/{rel}","templated":true}]}}