{"id":225027,"date":"2021-03-27T18:53:13","date_gmt":"2021-03-27T17:53:13","guid":{"rendered":"https:\/\/litil-hamburg.com\/?page_id=225027"},"modified":"2023-02-02T12:10:16","modified_gmt":"2023-02-02T11:10:16","slug":"neuigkeiten","status":"publish","type":"page","link":"https:\/\/litil-hamburg.de\/en\/neuigkeiten\/","title":{"rendered":"News"},"content":{"rendered":"<p>[et_pb_section fb_built=&#8220;1&#8243; admin_label=&#8220;Exhibition&#8220; _builder_version=&#8220;4.14.2&#8243; transform_translate=&#8220;0px|-79px&#8220; custom_margin=&#8220;137px||||false|false&#8220; custom_padding=&#8220;0px|||||&#8220; locked=&#8220;off&#8220; global_colors_info=&#8220;{}&#8220;][et_pb_row _builder_version=&#8220;4.4.9&#8243; global_colors_info=&#8220;{}&#8220;][et_pb_column type=&#8220;4_4&#8243; _builder_version=&#8220;4.4.9&#8243; global_colors_info=&#8220;{}&#8220;][et_pb_text _builder_version=&#8220;4.9.2&#8243; text_line_height=&#8220;2em&#8220; header_2_font=&#8220;Montserrat|800||on|||||&#8220; header_2_text_color=&#8220;#232323&#8243; header_2_font_size=&#8220;130px&#8220; header_2_line_height=&#8220;1.2em&#8220; z_index=&#8220;2&#8243; text_orientation=&#8220;right&#8220; header_2_font_size_tablet=&#8220;100px&#8220; header_2_font_size_phone=&#8220;50px&#8220; header_2_font_size_last_edited=&#8220;on|phone&#8220; locked=&#8220;off&#8220; global_colors_info=&#8220;{}&#8220;]<\/p>\n<h2>NEUIGKEITEN<\/h2>\n<p>[\/et_pb_text][et_pb_image src=&#8220;https:\/\/litil-hamburg.com\/wp-content\/uploads\/2021\/03\/Litil-Favicon.jpg&#8220; title_text=&#8220;Litil Favicon&#8220; align=&#8220;right&#8220; _builder_version=&#8220;4.14.2&#8243; transform_scale_tablet=&#8220;&#8220; transform_scale_phone=&#8220;&#8220; transform_scale_last_edited=&#8220;on|desktop&#8220; transform_translate=&#8220;131px|37px&#8220; transform_translate_tablet=&#8220;85px|-135px&#8220; transform_translate_phone=&#8220;17px|-135px&#8220; transform_translate_last_edited=&#8220;on|tablet&#8220; transform_translate_linked=&#8220;off&#8220; transform_rotate_tablet=&#8220;&#8220; transform_rotate_phone=&#8220;&#8220; transform_rotate_last_edited=&#8220;on|desktop&#8220; transform_skew_tablet=&#8220;&#8220; transform_skew_phone=&#8220;&#8220; transform_skew_last_edited=&#8220;on|desktop&#8220; transform_origin_tablet=&#8220;&#8220; transform_origin_phone=&#8220;&#8220; transform_origin_last_edited=&#8220;on|desktop&#8220; transform_styles_last_edited=&#8220;on|tablet&#8220; positioning=&#8220;absolute&#8220; position_origin_a=&#8220;bottom_right&#8220; vertical_offset=&#8220;-15%&#8220; horizontal_offset=&#8220;-8%&#8220; max_width=&#8220;600px&#8220; max_width_tablet=&#8220;300px&#8220; max_width_phone=&#8220;180px&#8220; max_width_last_edited=&#8220;on|phone&#8220; custom_margin=&#8220;0px||||false|false&#8220; custom_margin_tablet=&#8220;&#8220; custom_margin_phone=&#8220;&#8220; custom_margin_last_edited=&#8220;on|desktop&#8220; transform_styles_tablet=&#8220;&#8220; transform_styles_phone=&#8220;&#8220; global_colors_info=&#8220;{}&#8220;][\/et_pb_image][\/et_pb_column][\/et_pb_row][et_pb_row column_structure=&#8220;1_4,3_4&#8243; _builder_version=&#8220;4.4.9&#8243; global_colors_info=&#8220;{}&#8220; locked=&#8220;off&#8220;][et_pb_column type=&#8220;1_4&#8243; _builder_version=&#8220;4.4.9&#8243; global_colors_info=&#8220;{}&#8220;][et_pb_text _builder_version=&#8220;4.14.7&#8243; _module_preset=&#8220;default&#8220; text_font=&#8220;Merriweather||||||||&#8220; text_text_color=&#8220;#EF3D57&#8243; text_font_size=&#8220;50px&#8220; text_line_height=&#8220;2em&#8220; header_4_line_height=&#8220;0em&#8220; global_colors_info=&#8220;{}&#8220;]<\/p>\n<p>01 \u2013 28.<\/p>\n<h4>Februar<\/h4>\n<p>[\/et_pb_text][\/et_pb_column][et_pb_column type=&#8220;3_4&#8243; _builder_version=&#8220;4.4.9&#8243; global_colors_info=&#8220;{}&#8220;][et_pb_blurb title=&#8220;Februar Sale!&#8220; content_max_width=&#8220;100%&#8220; _builder_version=&#8220;4.13.0&#8243; header_font=&#8220;Merriweather||||||||&#8220; header_font_size=&#8220;35px&#8220; header_line_height=&#8220;1.2em&#8220; body_font=&#8220;|800|||||||&#8220; body_text_color=&#8220;#EF3D57&#8243; body_line_height=&#8220;1.5em&#8220; animation=&#8220;off&#8220; header_font_size_tablet=&#8220;30px&#8220; header_font_size_phone=&#8220;18px&#8220; header_font_size_last_edited=&#8220;on|phone&#8220; global_colors_info=&#8220;{}&#8220;]<\/p>\n<p>Nur vom 01. \u2013 28.02.2023<\/p>\n<p>Aber daf\u00fcr mit richtig abgefahren und wie Eva so sch\u00f6n sagt: L\u00c4CHERLICHEN Preisen!<br \/>Kommt vorbei und schlagt zu.<\/p>\n<p>&nbsp;<\/p>\n<p>[\/et_pb_blurb][et_pb_image src=&#8220;https:\/\/litil-hamburg.de\/wp-content\/uploads\/2023\/02\/Sale-Februar.jpg&#8220; title_text=&#8220;Sale-Februar&#8220; _builder_version=&#8220;4.14.8&#8243; _module_preset=&#8220;default&#8220; hover_enabled=&#8220;0&#8243; global_colors_info=&#8220;{}&#8220; sticky_enabled=&#8220;0&#8243;][\/et_pb_image][et_pb_divider divider_position=&#8220;center&#8220; _builder_version=&#8220;4.9.6&#8243; _module_preset=&#8220;default&#8220; global_colors_info=&#8220;{}&#8220;][\/et_pb_divider][\/et_pb_column][\/et_pb_row][et_pb_row column_structure=&#8220;1_4,3_4&#8243; _builder_version=&#8220;4.4.9&#8243; global_colors_info=&#8220;{}&#8220; locked=&#8220;off&#8220;][et_pb_column type=&#8220;1_4&#8243; _builder_version=&#8220;4.4.9&#8243; global_colors_info=&#8220;{}&#8220;][et_pb_text _builder_version=&#8220;4.14.8&#8243; _module_preset=&#8220;default&#8220; text_font=&#8220;Merriweather||||||||&#8220; text_text_color=&#8220;#EF3D57&#8243; text_font_size=&#8220;50px&#8220; text_line_height=&#8220;2em&#8220; header_4_line_height=&#8220;0em&#8220; global_colors_info=&#8220;{}&#8220;]<\/p>\n<p>10.<\/p>\n<h4>Oktober<\/h4>\n<p>[\/et_pb_text][\/et_pb_column][et_pb_column type=&#8220;3_4&#8243; _builder_version=&#8220;4.4.9&#8243; global_colors_info=&#8220;{}&#8220;][et_pb_blurb title=&#8220;Neues Label im l\u00edtil: Develloppa ist eingezogen&#8220; content_max_width=&#8220;100%&#8220; _builder_version=&#8220;4.14.8&#8243; header_font=&#8220;Merriweather||||||||&#8220; header_font_size=&#8220;35px&#8220; header_line_height=&#8220;1.2em&#8220; body_font=&#8220;|800|||||||&#8220; body_text_color=&#8220;#EF3D57&#8243; body_line_height=&#8220;1.5em&#8220; animation=&#8220;off&#8220; header_font_size_tablet=&#8220;30px&#8220; header_font_size_phone=&#8220;18px&#8220; header_font_size_last_edited=&#8220;on|phone&#8220; global_colors_info=&#8220;{}&#8220;]<\/p>\n<p>und hat tolle handgemachte Unikate aus Keramik und Stoff mitgebracht<\/p>\n<p>[\/et_pb_blurb][et_pb_image src=&#8220;https:\/\/litil-hamburg.de\/wp-content\/uploads\/2022\/10\/litil_develloppa_keramik.jpg&#8220; title_text=&#8220;litil_develloppa_keramik&#8220; _builder_version=&#8220;4.14.8&#8243; _module_preset=&#8220;default&#8220; global_colors_info=&#8220;{}&#8220;][\/et_pb_image][et_pb_button button_text=&#8220;Mehr \u00fcber Dagmar&#8220; _builder_version=&#8220;4.14.8&#8243; _module_preset=&#8220;default&#8220; custom_button=&#8220;on&#8220; button_text_color=&#8220;#FFFFFF&#8220; button_bg_color=&#8220;#4EBE98&#8243; button_bg_enable_color=&#8220;on&#8220; button_border_width=&#8220;2px&#8220; button_border_radius=&#8220;5px&#8220; button_font=&#8220;|700|||||||&#8220; button_letter_spacing=&#8220;1px&#8220; button_border_width__hover_enabled=&#8220;on|desktop&#8220; hover_enabled=&#8220;0&#8243; sticky_enabled=&#8220;0&#8243; button_border_width__hover=&#8220;8px&#8220; button_border_color=&#8220;#4EBE98&#8243; button_url=&#8220;@ET-DC@eyJkeW5hbWljIjp0cnVlLCJjb250ZW50IjoicG9zdF9saW5rX3VybF9wYWdlIiwic2V0dGluZ3MiOnsicG9zdF9pZCI6IjIyNTgwOSJ9fQ==@&#8220; _dynamic_attributes=&#8220;button_url&#8220;][\/et_pb_button][et_pb_divider divider_position=&#8220;center&#8220; _builder_version=&#8220;4.9.6&#8243; _module_preset=&#8220;default&#8220; global_colors_info=&#8220;{}&#8220;][\/et_pb_divider][\/et_pb_column][\/et_pb_row][et_pb_row column_structure=&#8220;1_4,3_4&#8243; _builder_version=&#8220;4.4.9&#8243; locked=&#8220;off&#8220; global_colors_info=&#8220;{}&#8220;][et_pb_column type=&#8220;1_4&#8243; _builder_version=&#8220;4.4.9&#8243; global_colors_info=&#8220;{}&#8220;][et_pb_text _builder_version=&#8220;4.9.6&#8243; _module_preset=&#8220;default&#8220; text_font=&#8220;Merriweather||||||||&#8220; text_text_color=&#8220;#EF3D57&#8243; text_font_size=&#8220;60px&#8220; text_line_height=&#8220;2em&#8220; header_4_line_height=&#8220;0em&#8220; global_colors_info=&#8220;{}&#8220;]<\/p>\n<p>11<\/p>\n<h4>Juni<\/h4>\n<p>[\/et_pb_text][\/et_pb_column][et_pb_column type=&#8220;3_4&#8243; _builder_version=&#8220;4.4.9&#8243; global_colors_info=&#8220;{}&#8220;][et_pb_code _builder_version=&#8220;4.9.6&#8243; _module_preset=&#8220;default&#8220; global_colors_info=&#8220;{}&#8220;]<\/p>\n<div id=\"buzzsprout-player-8673183\"><\/div>\n<p><!-- [et_pb_line_break_holder] --><script src=\"https:\/\/www.buzzsprout.com\/1779420\/8673183-004-entfalte-deinen-laden-wie-viel-kreativpower-passt-in-diesen-winzigen-laden-eva-jaeger-nilius-litil-hamburg.js?container_id=buzzsprout-player-8673183&#038;player=small\" type=\"text\/javascript\" charset=\"utf-8\"><\/script>[\/et_pb_code][et_pb_blurb title=&#8220;Podcast Interview mit Johannes&#8220; content_max_width=&#8220;100%&#8220; _builder_version=&#8220;4.13.0&#8243; header_font=&#8220;Merriweather||||||||&#8220; header_font_size=&#8220;35px&#8220; header_line_height=&#8220;1.2em&#8220; body_font=&#8220;|800|||||||&#8220; body_text_color=&#8220;#EF3D57&#8243; body_line_height=&#8220;1.5em&#8220; animation=&#8220;off&#8220; header_font_size_tablet=&#8220;30px&#8220; header_font_size_phone=&#8220;18px&#8220; header_font_size_last_edited=&#8220;on|phone&#8220; global_colors_info=&#8220;{}&#8220;]<\/p>\n<p>Podcast Entfalte deinen Laden &#8211; Der Podcast f\u00fcr L\u00e4den im Einzelhandel<\/p>\n<p>[\/et_pb_blurb][et_pb_code _builder_version=&#8220;4.9.6&#8243; _module_preset=&#8220;default&#8220; global_colors_info=&#8220;{}&#8220;]<\/p>\n<div id=\"buzzsprout-player-8673183\"><\/div>\n<p><!-- [et_pb_line_break_holder] --><script src=\"https:\/\/www.buzzsprout.com\/1779420\/8673183-004-entfalte-deinen-laden-wie-viel-kreativpower-passt-in-diesen-winzigen-laden-eva-jaeger-nilius-litil-hamburg.js?container_id=buzzsprout-player-8673183&#038;player=small\" type=\"text\/javascript\" charset=\"utf-8\"><\/script>[\/et_pb_code][et_pb_text _builder_version=&#8220;4.9.3&#8243; _module_preset=&#8220;default&#8220; link_font=&#8220;|800|||||||&#8220; global_colors_info=&#8220;{}&#8220;]<\/p>\n<p>Johannes hat ein ganz wunderbaren Projekt ins Leben gerufen. <br \/>Er spricht mit Inhabern von kleinen L\u00e4den \u00fcber ihre Ideen, die Bew\u00e4ltigung der Pandemie und gibt Hilfestellung beim Marketing.<\/p>\n<p>Hier ein kleiner Auszug aus dem Gespr\u00e4ch mit Eva.:<\/p>\n<p>&nbsp;<\/p>\n<p><b>Entfalte deinen Laden\u00a0 |\u00a0 <\/b><b>Mit Johannes Albert<\/b><\/p>\n<p><span>Der Laden\u00a0<\/span><b>litil<\/b><span>\u00a0und das Schaufenster ist klein &#8211; daf\u00fcr explodieren die kreativen Produkte der sechs Inhaberinnen nahezu aus dem Laden auf die Stra\u00dfe hinaus.<\/span><\/p>\n<p><span>Im Interview mit Eva spricht Johannes \u00fcber einladende Gesten auf dem Gehweg, wie die (kleine) Gr\u00f6\u00dfe des Ladens nicht als Nachteil sondern als Alleinstellungsmerkmal genutzt wird und wie sich die Gruppe aus insgesamt sechs Designerinnen im Alltag organisiert.<\/span><\/p>\n<p><span>Sie sprechen auch dar\u00fcber wie der Laden durch die Pandemie gekommen ist und warum jeder Laden einen Fake-Kunden zu Besuch haben sollte\u2026 \ud83d\ude42<\/span><\/p>\n<p>Viel Spa\u00df beim H\u00f6ren!<span><\/span><\/p>\n<p>&nbsp;<\/p>\n<p>[\/et_pb_text][et_pb_divider divider_position=&#8220;center&#8220; _builder_version=&#8220;4.9.6&#8243; _module_preset=&#8220;default&#8220; global_colors_info=&#8220;{}&#8220;][\/et_pb_divider][\/et_pb_column][\/et_pb_row][et_pb_row column_structure=&#8220;1_4,3_4&#8243; _builder_version=&#8220;4.4.9&#8243; global_colors_info=&#8220;{}&#8220;][et_pb_column type=&#8220;1_4&#8243; _builder_version=&#8220;4.4.9&#8243; global_colors_info=&#8220;{}&#8220;][et_pb_text _builder_version=&#8220;4.9.2&#8243; _module_preset=&#8220;default&#8220; text_font=&#8220;Merriweather||||||||&#8220; text_text_color=&#8220;#EF3D57&#8243; text_font_size=&#8220;60px&#8220; text_line_height=&#8220;2em&#8220; header_4_line_height=&#8220;0em&#8220; global_colors_info=&#8220;{}&#8220;]<\/p>\n<p>12<\/p>\n<h4>M\u00e4rz<\/h4>\n<p>[\/et_pb_text][\/et_pb_column][et_pb_column type=&#8220;3_4&#8243; _builder_version=&#8220;4.4.9&#8243; global_colors_info=&#8220;{}&#8220;][et_pb_blurb title=&#8220;Wir feiern unseren 7. Geburtstag&#8220; image=&#8220;https:\/\/litil-hamburg.com\/wp-content\/uploads\/2021\/03\/7-Jahre-Litil.jpeg&#8220; content_max_width=&#8220;100%&#8220; _builder_version=&#8220;4.13.0&#8243; header_font=&#8220;Merriweather||||||||&#8220; header_font_size=&#8220;35px&#8220; header_line_height=&#8220;1.2em&#8220; body_font=&#8220;|800|||||||&#8220; body_text_color=&#8220;#EF3D57&#8243; body_line_height=&#8220;1.5em&#8220; animation=&#8220;off&#8220; header_font_size_tablet=&#8220;30px&#8220; header_font_size_phone=&#8220;18px&#8220; header_font_size_last_edited=&#8220;on|phone&#8220; global_colors_info=&#8220;{}&#8220;]<\/p>\n<p>Wir holen die Feier nach&#8230;<\/p>\n<p>[\/et_pb_blurb][et_pb_text _builder_version=&#8220;4.9.3&#8243; _module_preset=&#8220;default&#8220; link_font=&#8220;|800|||||||&#8220; global_colors_info=&#8220;{}&#8220;]<\/p>\n<p>7 Jahre gibt es uns jetzt schon.<\/p>\n<p>Unseren 5. Geburtstag haben wir ausgiebig gefeiert \u2013 mit unseren Freunden, einer guten Portion Snacks und Sekt und ganz wichtig: Musikbingo. Sch\u00f6n war\u2019s!<\/p>\n<p>Die Party zum 6. und auch 7. Geburtstag mussten wir leider ausfallen lassen. Du kannst Dir sicherlich denken, wieso. Die Corona-Pandemie hat uns \u2013 und allen anderen \u2013 einen Strich durch die Rechnung gemacht.<\/p>\n<p>Wir lassen uns aber nicht aufhalten, geben nicht auf und hoffen einfach auf eine sch\u00f6ne Feier zum<br \/>8. Geburtstag. Wenn Du dabei sein m\u00f6chtest, folge uns am besten auf <a href=\"https:\/\/www.instagram.com\/litilhamburg\/\" target=\"_blank\" rel=\"noopener\">Instagram<\/a> oder <a href=\"https:\/\/www.findeling.de\/hamburg\/laden\/litil?lang=DE\" target=\"_blank\" rel=\"noopener\">Findeling<\/a>. Hier posten wir unsere Neuigkeiten am zuverl\u00e4ssigsten \ud83d\ude42<\/p>\n<p>[\/et_pb_text][\/et_pb_column][\/et_pb_row][\/et_pb_section]<\/p>\n","protected":false},"excerpt":{"rendered":"<p>NEUIGKEITEN01 \u2013 28. FebruarNur vom 01. \u2013 28.02.2023 Aber daf\u00fcr mit richtig abgefahren und wie Eva so sch\u00f6n sagt: L\u00c4CHERLICHEN Preisen!Kommt vorbei und schlagt zu. &nbsp;10. Oktoberund hat tolle handgemachte Unikate aus Keramik und Stoff mitgebracht11 JuniPodcast Entfalte deinen Laden &#8211; Der Podcast f\u00fcr L\u00e4den im EinzelhandelJohannes hat ein ganz wunderbaren Projekt ins Leben gerufen. [&hellip;]<\/p>\n","protected":false},"author":4,"featured_media":0,"parent":0,"menu_order":0,"comment_status":"closed","ping_status":"closed","template":"","meta":{"_et_pb_use_builder":"on","_et_pb_old_content":"<!-- wp:divi\/placeholder \/-->","_et_gb_content_width":"","footnotes":""},"class_list":["post-225027","page","type-page","status-publish","hentry"],"_links":{"self":[{"href":"https:\/\/litil-hamburg.de\/en\/wp-json\/wp\/v2\/pages\/225027","targetHints":{"allow":["GET"]}}],"collection":[{"href":"https:\/\/litil-hamburg.de\/en\/wp-json\/wp\/v2\/pages"}],"about":[{"href":"https:\/\/litil-hamburg.de\/en\/wp-json\/wp\/v2\/types\/page"}],"author":[{"embeddable":true,"href":"https:\/\/litil-hamburg.de\/en\/wp-json\/wp\/v2\/users\/4"}],"replies":[{"embeddable":true,"href":"https:\/\/litil-hamburg.de\/en\/wp-json\/wp\/v2\/comments?post=225027"}],"version-history":[{"count":10,"href":"https:\/\/litil-hamburg.de\/en\/wp-json\/wp\/v2\/pages\/225027\/revisions"}],"predecessor-version":[{"id":225839,"href":"https:\/\/litil-hamburg.de\/en\/wp-json\/wp\/v2\/pages\/225027\/revisions\/225839"}],"wp:attachment":[{"href":"https:\/\/litil-hamburg.de\/en\/wp-json\/wp\/v2\/media?parent=225027"}],"curies":[{"name":"wp","href":"https:\/\/api.w.org\/{rel}","templated":true}]}}