{"id":225809,"date":"2023-01-31T17:44:06","date_gmt":"2023-01-31T16:44:06","guid":{"rendered":"https:\/\/litil-hamburg.de\/?page_id=225809"},"modified":"2025-10-26T10:23:24","modified_gmt":"2025-10-26T09:23:24","slug":"michaela-micmachtwas2","status":"publish","type":"page","link":"https:\/\/litil-hamburg.de\/en\/michaela-micmachtwas2\/","title":{"rendered":"Michaela \/ MicMachtWas"},"content":{"rendered":"<p>[et_pb_section fb_built=&#8220;1&#8243; admin_label=&#8220;Header&#8220; _builder_version=&#8220;4.22.2&#8243; background_color=&#8220;#F58466&#8243; use_background_color_gradient=&#8220;on&#8220; background_color_gradient_direction=&#8220;100deg&#8220; background_color_gradient_stops=&#8220;#ffffff 65%|rgba(0,0,0,0) 65%&#8220; background_color_gradient_start=&#8220;#ffffff&#8220; background_color_gradient_start_position=&#8220;65%&#8220; background_color_gradient_end=&#8220;rgba(0,0,0,0)&#8220; background_color_gradient_end_position=&#8220;0%&#8220; background_enable_image=&#8220;off&#8220; background_position=&#8220;center_right&#8220; custom_padding=&#8220;||0px|||&#8220; background_color_phone=&#8220;RGBA(0,0,0,0)&#8220; background_last_edited=&#8220;on|phone&#8220; background_enable_color_phone=&#8220;on&#8220; use_background_color_gradient_phone=&#8220;off&#8220; background_color_gradient_stops_tablet=&#8220;#ffffff 55%|rgba(0,0,0,0) 55%&#8220; background_color_gradient_stops_phone=&#8220;#ffffff 35%|rgba(0,0,0,0) 35%&#8220; background_color_gradient_start_position_tablet=&#8220;55%&#8220; background_color_gradient_start_position_phone=&#8220;35%&#8220; background_color_gradient_end_position_tablet=&#8220;55%&#8220; background_color_gradient_end_position_phone=&#8220;35%&#8220; box_shadow_style=&#8220;preset7&#8243; box_shadow_horizontal=&#8220;0px&#8220; box_shadow_vertical=&#8220;0px&#8220; box_shadow_color=&#8220;#ffffff&#8220; box_shadow_vertical_tablet=&#8220;-80vh&#8220; box_shadow_vertical_phone=&#8220;-90vh&#8220; box_shadow_vertical_last_edited=&#8220;on|phone&#8220; global_colors_info=&#8220;{}&#8220;][et_pb_row column_structure=&#8220;1_2,1_2&#8243; _builder_version=&#8220;4.16&#8243; global_colors_info=&#8220;{}&#8220;][et_pb_column type=&#8220;1_2&#8243; _builder_version=&#8220;4.16&#8243; z_index=&#8220;10&#8243; global_colors_info=&#8220;{}&#8220;][et_pb_text _builder_version=&#8220;4.22.2&#8243; text_text_color=&#8220;#F58466&#8243; header_font=&#8220;Montserrat|800||on|||||&#8220; header_text_color=&#8220;#4EBE98&#8243; header_font_size=&#8220;3vw&#8220; header_line_height=&#8220;1.2em&#8220; header_2_font=&#8220;|700||on|||||&#8220; header_2_text_color=&#8220;#232323&#8243; header_2_font_size=&#8220;3vw&#8220; custom_margin=&#8220;|-22vw|||false|false&#8220; custom_margin_tablet=&#8220;|0vw|||false|false&#8220; custom_margin_phone=&#8220;&#8220; custom_margin_last_edited=&#8220;on|phone&#8220; header_font_size_tablet=&#8220;5vw&#8220; header_font_size_phone=&#8220;7vw&#8220; header_font_size_last_edited=&#8220;on|phone&#8220; header_2_font_size_tablet=&#8220;5vw&#8220; header_2_font_size_phone=&#8220;7vw&#8220; header_2_font_size_last_edited=&#8220;on|phone&#8220; locked=&#8220;off&#8220; global_colors_info=&#8220;{}&#8220;]<\/p>\n<h1><span style=\"color: #f58466;\">Micmachtwas<\/span><\/h1>\n<h2>Michaela<\/h2>\n<p>[\/et_pb_text][et_pb_text _builder_version=&#8220;4.22.2&#8243; text_font=&#8220;Merriweather||||||||&#8220; text_text_color=&#8220;#000000&#8243; text_font_size=&#8220;16px&#8220; text_line_height=&#8220;2em&#8220; width=&#8220;125%&#8220; width_tablet=&#8220;125%&#8220; width_phone=&#8220;125%&#8220; width_last_edited=&#8220;on|phone&#8220; max_width=&#8220;400px&#8220; text_font_size_tablet=&#8220;18px&#8220; text_font_size_phone=&#8220;16px&#8220; text_font_size_last_edited=&#8220;on|phone&#8220; locked=&#8220;off&#8220; global_colors_info=&#8220;{}&#8220;]<\/p>\n<p>&nbsp;<\/p>\n<p>Hinter MicMachtWas steht die Textildesignerin und Schneiderin Michaela. In ihrer kleinen Hamburger Manufaktur fertigt sie seit 2017 handgemachte Taschen und T\u00e4schchen, die \u00c4sthetik und Alltagstauglichkeit verbinden.<br \/>Sie arbeitet ausschlie\u00dflich mit veganen Kunstledern und biozertifizierten Stoffen. Nachhaltigkeit und ein bewusster Umgang mit Ressourcen stehen dabei immer im Mittelpunkt.<br \/>Alle Accessoires entstehen in sorgf\u00e4ltiger Handarbeit, in kleinen Serien und ohne gro\u00dfe Lagerhaltung \u2013 jedes Stu\u0308ck bleibt so besonders und einzigartig.<\/p>\n<p>Die Taschen und T\u00e4schchen von MicMachtWas sind mehr als sch\u00f6ne Begleiter: Sie sind wasserfest, leicht, pflegeleicht und langlebig. Jedes Design wird mit Liebe zum Detail entworfen,<br \/>pr\u00e4zise gefertigt und im Alltag erprobt.<br \/>So entstehen Accessoires, die nicht nur durch ihr Design u\u0308berzeugen, sondern auch im t\u00e4glichen Gebrauch zuverl\u00e4ssig Freude bereiten.<\/p>\n<p>&nbsp;<\/p>\n<p>&nbsp;<\/p>\n<p>[\/et_pb_text][\/et_pb_column][et_pb_column type=&#8220;1_2&#8243; _builder_version=&#8220;4.16&#8243; global_colors_info=&#8220;{}&#8220;][et_pb_image src=&#8220;https:\/\/litil-hamburg.de\/wp-content\/uploads\/2025\/10\/Plitil_MicMachtWas_Michaela.png&#8220; alt=&#8220;litil_MicMachtWas_Michaela&#8220; title_text=&#8220;Plitil_MicMachtWas_Michaela&#8220; _builder_version=&#8220;4.22.2&#8243; locked=&#8220;off&#8220; global_colors_info=&#8220;{}&#8220;][\/et_pb_image][\/et_pb_column][\/et_pb_row][et_pb_row column_structure=&#8220;1_3,1_3,1_3&#8243; _builder_version=&#8220;4.16&#8243; custom_padding=&#8220;||0px|||&#8220; global_colors_info=&#8220;{}&#8220;][et_pb_column type=&#8220;1_3&#8243; _builder_version=&#8220;4.16&#8243; global_colors_info=&#8220;{}&#8220;][et_pb_text _builder_version=&#8220;4.16&#8243; link_text_color=&#8220;#EF3D57&#8243; link_font_size=&#8220;20px&#8220; header_5_font=&#8220;Merriweather||||||||&#8220; header_5_text_color=&#8220;#EF3D57&#8243; header_5_font_size=&#8220;20px&#8220; header_5_line_height=&#8220;2.4em&#8220; header_6_font=&#8220;||||||||&#8220; header_6_line_height=&#8220;1.4em&#8220; background_enable_color=&#8220;off&#8220; background_enable_image=&#8220;off&#8220; background_size=&#8220;contain&#8220; background_position=&#8220;center_left&#8220; custom_padding=&#8220;20px||20px|0px|true|false&#8220; link_option_url=&#8220;#&#8220; header_5_font_size_tablet=&#8220;30px&#8220; header_5_font_size_phone=&#8220;26px&#8220; header_5_font_size_last_edited=&#8220;on|phone&#8220; header_5_letter_spacing_tablet=&#8220;&#8220; header_5_letter_spacing_phone=&#8220;&#8220; header_5_letter_spacing_last_edited=&#8220;on|desktop&#8220; locked=&#8220;off&#8220; global_colors_info=&#8220;{}&#8220;]<\/p>\n<h5><span style=\"color: #f58466;\">Website \/ Onlineshop<\/span><\/h5>\n<p>[\/et_pb_text][et_pb_button button_url=&#8220;https:\/\/www.micmachtwas.de\/shop\/&#8220; url_new_window=&#8220;on&#8220; button_text=&#8220;zum Onlineshop&#8220; _builder_version=&#8220;4.22.2&#8243; _module_preset=&#8220;default&#8220; custom_button=&#8220;on&#8220; button_text_color=&#8220;#FFFFFF&#8220; button_bg_color=&#8220;#EF3D57&#8243; button_border_width=&#8220;2px&#8220; button_border_color=&#8220;RGBA(0,0,0,0)&#8220; button_border_radius=&#8220;4px&#8220; custom_margin=&#8220;-50px||||false|false&#8220; global_colors_info=&#8220;{}&#8220;][\/et_pb_button][et_pb_image src=&#8220;https:\/\/litil-hamburg.de\/wp-content\/uploads\/2025\/10\/MMW-24-Logo-blau-transp.webp&#8220; alt=&#8220;Martina Olonschek Logo&#8220; title_text=&#8220;MMW-24-Logo-blau-transp&#8220; url=&#8220;https:\/\/mo-konzept.de\/supermarkt\/&#8220; url_new_window=&#8220;on&#8220; _builder_version=&#8220;4.22.2&#8243; _module_preset=&#8220;default&#8220; transform_scale=&#8220;135%|135%&#8220; transform_scale_tablet=&#8220;100%|100%&#8220; transform_scale_phone=&#8220;125%|125%&#8220; transform_scale_last_edited=&#8220;on|desktop&#8220; transform_translate_tablet=&#8220;-21px|0px&#8220; transform_translate_phone=&#8220;-5px|0px&#8220; transform_translate_last_edited=&#8220;on|phone&#8220; transform_translate_linked=&#8220;off&#8220; transform_rotate_tablet=&#8220;&#8220; transform_rotate_phone=&#8220;&#8220; transform_rotate_last_edited=&#8220;on|desktop&#8220; transform_skew_tablet=&#8220;&#8220; transform_skew_phone=&#8220;&#8220; transform_skew_last_edited=&#8220;on|desktop&#8220; transform_origin_tablet=&#8220;&#8220; transform_origin_phone=&#8220;&#8220; transform_origin_last_edited=&#8220;on|desktop&#8220; transform_styles_last_edited=&#8220;on|phone&#8220; width=&#8220;50%&#8220; module_alignment=&#8220;left&#8220; custom_margin=&#8220;||||false|false&#8220; custom_margin_tablet=&#8220;&#8220; custom_margin_phone=&#8220;&#8220; custom_margin_last_edited=&#8220;on|desktop&#8220; custom_padding=&#8220;|||25px|false|false&#8220; transform_styles_tablet=&#8220;&#8220; transform_styles_phone=&#8220;&#8220; global_colors_info=&#8220;{}&#8220;][\/et_pb_image][\/et_pb_column][et_pb_column type=&#8220;1_3&#8243; _builder_version=&#8220;4.16&#8243; global_colors_info=&#8220;{}&#8220;][\/et_pb_column][et_pb_column type=&#8220;1_3&#8243; _builder_version=&#8220;4.16&#8243; global_colors_info=&#8220;{}&#8220;][et_pb_social_media_follow icon_color=&#8220;#F58466&#8243; _builder_version=&#8220;4.22.2&#8243; _module_preset=&#8220;default&#8220; custom_margin=&#8220;20px|||20px|false|false&#8220; custom_margin_tablet=&#8220;&#8220; custom_margin_phone=&#8220;&#8220; custom_margin_last_edited=&#8220;on|desktop&#8220; hover_enabled=&#8220;0&#8243; global_colors_info=&#8220;{}&#8220; sticky_enabled=&#8220;0&#8243;][et_pb_social_media_follow_network social_network=&#8220;instagram&#8220; background_color=&#8220;#FFFFFF&#8220; _builder_version=&#8220;4.22.2&#8243; _module_preset=&#8220;default&#8220; follow_button=&#8220;off&#8220; url_new_window=&#8220;on&#8220; url=&#8220;micmachtwas&#8220; background_enable_color=&#8220;on&#8220; hover_enabled=&#8220;0&#8243; sticky_enabled=&#8220;0&#8243;]instagram[\/et_pb_social_media_follow_network][\/et_pb_social_media_follow][\/et_pb_column][\/et_pb_row][\/et_pb_section][et_pb_section fb_built=&#8220;1&#8243; admin_label=&#8220;CV&#8220; _builder_version=&#8220;4.16&#8243; custom_margin=&#8220;||-105px||false|false&#8220; global_colors_info=&#8220;{}&#8220;][et_pb_row _builder_version=&#8220;4.16&#8243; width=&#8220;100%&#8220; max_width=&#8220;100%&#8220; global_colors_info=&#8220;{}&#8220;][et_pb_column type=&#8220;4_4&#8243; _builder_version=&#8220;4.16&#8243; global_colors_info=&#8220;{}&#8220;][et_pb_divider color=&#8220;#000000&#8243; divider_weight=&#8220;6px&#8220; _builder_version=&#8220;4.16&#8243; width=&#8220;90%&#8220; width_tablet=&#8220;80%&#8220; width_phone=&#8220;&#8220; width_last_edited=&#8220;on|phone&#8220; module_alignment=&#8220;center&#8220; global_colors_info=&#8220;{}&#8220;][\/et_pb_divider][\/et_pb_column][\/et_pb_row][et_pb_row _builder_version=&#8220;4.16&#8243; global_colors_info=&#8220;{}&#8220;][et_pb_column type=&#8220;4_4&#8243; _builder_version=&#8220;4.16&#8243; global_colors_info=&#8220;{}&#8220;][et_pb_text _builder_version=&#8220;4.16&#8243; header_2_font=&#8220;Merriweather||||||||&#8220; header_2_text_color=&#8220;#000000&#8243; header_2_font_size=&#8220;50px&#8220; header_2_line_height=&#8220;1.2em&#8220; text_orientation=&#8220;center&#8220; header_2_font_size_tablet=&#8220;40px&#8220; header_2_font_size_phone=&#8220;35px&#8220; header_2_font_size_last_edited=&#8220;on|phone&#8220; locked=&#8220;off&#8220; global_colors_info=&#8220;{}&#8220;]<\/p>\n<h2>Michaelas Produkte<\/h2>\n<p>[\/et_pb_text][\/et_pb_column][\/et_pb_row][et_pb_row column_structure=&#8220;1_2,1_2&#8243; _builder_version=&#8220;4.22.2&#8243; global_colors_info=&#8220;{}&#8220;][et_pb_column type=&#8220;1_2&#8243; _builder_version=&#8220;4.16&#8243; global_colors_info=&#8220;{}&#8220;][et_pb_text _builder_version=&#8220;4.16&#8243; text_font=&#8220;Merriweather||||||||&#8220; text_text_color=&#8220;#000000&#8243; text_font_size=&#8220;22px&#8220; text_line_height=&#8220;1.8em&#8220; max_width=&#8220;400px&#8220; text_font_size_tablet=&#8220;18px&#8220; text_font_size_phone=&#8220;16px&#8220; text_font_size_last_edited=&#8220;on|phone&#8220; text_orientation_tablet=&#8220;&#8220; text_orientation_phone=&#8220;center&#8220; text_orientation_last_edited=&#8220;on|phone&#8220; locked=&#8220;off&#8220; global_colors_info=&#8220;{}&#8220;]<\/p>\n<p>Taschen, Geldb\u00f6rsen, Schl\u00fcsselanh\u00e4nger, Pinseltaschen, M\u00fctzen\u00a0<\/p>\n<p>[\/et_pb_text][\/et_pb_column][et_pb_column type=&#8220;1_2&#8243; _builder_version=&#8220;4.16&#8243; global_colors_info=&#8220;{}&#8220;][et_pb_image src=&#8220;https:\/\/litil-hamburg.de\/wp-content\/uploads\/2025\/10\/MicKlic-M-Farben2.jpg&#8220; alt=&#8220;Produktfotos Litil Pommunity Brosche&#8220; title_text=&#8220;litil_ MicMachtWas_ Farben&#8220; _builder_version=&#8220;4.22.2&#8243; _module_preset=&#8220;default&#8220; global_colors_info=&#8220;{}&#8220;][\/et_pb_image][\/et_pb_column][\/et_pb_row][\/et_pb_section][et_pb_section fb_built=&#8220;1&#8243; admin_label=&#8220;Features&#8220; _builder_version=&#8220;4.16&#8243; global_colors_info=&#8220;{}&#8220;][et_pb_row _builder_version=&#8220;4.16&#8243; _module_preset=&#8220;default&#8220; global_colors_info=&#8220;{}&#8220;][et_pb_column type=&#8220;4_4&#8243; _builder_version=&#8220;4.16&#8243; _module_preset=&#8220;default&#8220; global_colors_info=&#8220;{}&#8220;][et_pb_image src=&#8220;https:\/\/litil-hamburg.de\/wp-content\/uploads\/2025\/10\/Smartphone-Uni-Bueffellederoptik-Collage2.jpg&#8220; alt=&#8220;Hamburg Poster gestellt &#8220; title_text=&#8220;Smartphone Uni Bu\u0308ffellederoptik Collage2&#8243; align=&#8220;right&#8220; _builder_version=&#8220;4.22.2&#8243; _module_preset=&#8220;default&#8220; global_colors_info=&#8220;{}&#8220;][\/et_pb_image][\/et_pb_column][\/et_pb_row][\/et_pb_section]<\/p>\n","protected":false},"excerpt":{"rendered":"<p>Micmachtwas Michaela&nbsp; Hinter MicMachtWas steht die Textildesignerin und Schneiderin Michaela. In ihrer kleinen Hamburger Manufaktur fertigt sie seit 2017 handgemachte Taschen und T\u00e4schchen, die \u00c4sthetik und Alltagstauglichkeit verbinden.Sie arbeitet ausschlie\u00dflich mit veganen Kunstledern und biozertifizierten Stoffen. Nachhaltigkeit und ein bewusster Umgang mit Ressourcen stehen dabei immer im Mittelpunkt.Alle Accessoires entstehen in sorgf\u00e4ltiger Handarbeit, in kleinen [&hellip;]<\/p>\n","protected":false},"author":5,"featured_media":0,"parent":0,"menu_order":0,"comment_status":"closed","ping_status":"closed","template":"","meta":{"_et_pb_use_builder":"on","_et_pb_old_content":"","_et_gb_content_width":"","footnotes":""},"class_list":["post-225809","page","type-page","status-publish","hentry"],"_links":{"self":[{"href":"https:\/\/litil-hamburg.de\/en\/wp-json\/wp\/v2\/pages\/225809","targetHints":{"allow":["GET"]}}],"collection":[{"href":"https:\/\/litil-hamburg.de\/en\/wp-json\/wp\/v2\/pages"}],"about":[{"href":"https:\/\/litil-hamburg.de\/en\/wp-json\/wp\/v2\/types\/page"}],"author":[{"embeddable":true,"href":"https:\/\/litil-hamburg.de\/en\/wp-json\/wp\/v2\/users\/5"}],"replies":[{"embeddable":true,"href":"https:\/\/litil-hamburg.de\/en\/wp-json\/wp\/v2\/comments?post=225809"}],"version-history":[{"count":10,"href":"https:\/\/litil-hamburg.de\/en\/wp-json\/wp\/v2\/pages\/225809\/revisions"}],"predecessor-version":[{"id":226227,"href":"https:\/\/litil-hamburg.de\/en\/wp-json\/wp\/v2\/pages\/225809\/revisions\/226227"}],"wp:attachment":[{"href":"https:\/\/litil-hamburg.de\/en\/wp-json\/wp\/v2\/media?parent=225809"}],"curies":[{"name":"wp","href":"https:\/\/api.w.org\/{rel}","templated":true}]}}