{"id":226012,"date":"2024-09-27T08:45:57","date_gmt":"2024-09-27T06:45:57","guid":{"rendered":"https:\/\/litil-hamburg.de\/?page_id=226012"},"modified":"2025-11-08T12:01:22","modified_gmt":"2025-11-08T11:01:22","slug":"claudia-made-in-hamburg","status":"publish","type":"page","link":"https:\/\/litil-hamburg.de\/en\/claudia-made-in-hamburg\/","title":{"rendered":"Claudia | Made in Hamburg"},"content":{"rendered":"<p>[et_pb_section fb_built=&#8220;1&#8243; admin_label=&#8220;Header&#8220; _builder_version=&#8220;4.22.2&#8243; background_color=&#8220;#F1D885&#8243; use_background_color_gradient=&#8220;on&#8220; background_color_gradient_direction=&#8220;100deg&#8220; background_color_gradient_stops=&#8220;#ffffff 65%|rgba(0,0,0,0) 65%&#8220; background_color_gradient_start=&#8220;#ffffff&#8220; background_color_gradient_start_position=&#8220;65%&#8220; background_color_gradient_end=&#8220;rgba(0,0,0,0)&#8220; background_color_gradient_end_position=&#8220;0%&#8220; background_enable_image=&#8220;off&#8220; background_position=&#8220;center_right&#8220; custom_padding=&#8220;||0px|||&#8220; background_color_phone=&#8220;#FFFFFF&#8220; background_last_edited=&#8220;on|desktop&#8220; background_enable_color_phone=&#8220;on&#8220; use_background_color_gradient_phone=&#8220;off&#8220; background_color_gradient_stops_tablet=&#8220;#ffffff 55%|rgba(0,0,0,0) 55%&#8220; background_color_gradient_stops_phone=&#8220;#ffffff 35%|rgba(0,0,0,0) 35%&#8220; background_color_gradient_start_position_tablet=&#8220;55%&#8220; background_color_gradient_start_position_phone=&#8220;35%&#8220; background_color_gradient_end_position_tablet=&#8220;55%&#8220; background_color_gradient_end_position_phone=&#8220;35%&#8220; box_shadow_style=&#8220;preset7&#8243; box_shadow_horizontal=&#8220;0px&#8220; box_shadow_vertical=&#8220;0px&#8220; box_shadow_color=&#8220;#ffffff&#8220; box_shadow_vertical_tablet=&#8220;-80vh&#8220; box_shadow_vertical_phone=&#8220;-90vh&#8220; box_shadow_vertical_last_edited=&#8220;on|phone&#8220; global_colors_info=&#8220;{}&#8220;][et_pb_row column_structure=&#8220;1_2,1_2&#8243; _builder_version=&#8220;4.16&#8243; global_colors_info=&#8220;{}&#8220;][et_pb_column type=&#8220;1_2&#8243; _builder_version=&#8220;4.16&#8243; z_index=&#8220;10&#8243; global_colors_info=&#8220;{}&#8220;][et_pb_text _builder_version=&#8220;4.16&#8243; header_font=&#8220;Montserrat|800||on|||||&#8220; header_text_color=&#8220;#F1D885&#8243; header_font_size=&#8220;3vw&#8220; header_line_height=&#8220;1.2em&#8220; header_2_font=&#8220;|700||on|||||&#8220; header_2_text_color=&#8220;#232323&#8243; header_2_font_size=&#8220;3vw&#8220; custom_margin=&#8220;|-22vw|||false|false&#8220; custom_margin_tablet=&#8220;|0vw|||false|false&#8220; custom_margin_phone=&#8220;&#8220; custom_margin_last_edited=&#8220;on|phone&#8220; header_font_size_tablet=&#8220;5vw&#8220; header_font_size_phone=&#8220;7vw&#8220; header_font_size_last_edited=&#8220;on|phone&#8220; header_2_font_size_tablet=&#8220;5vw&#8220; header_2_font_size_phone=&#8220;7vw&#8220; header_2_font_size_last_edited=&#8220;on|phone&#8220; locked=&#8220;off&#8220; global_colors_info=&#8220;{}&#8220;]<\/p>\n<h1><span style=\"color: #f58466;\"><span style=\"color: #f1d885;\">HandMade in Hamburg<\/span><br \/><\/span><\/h1>\n<h2>Claudia<\/h2>\n<p>[\/et_pb_text][et_pb_text _builder_version=&#8220;4.22.2&#8243; text_font=&#8220;Merriweather||||||||&#8220; text_text_color=&#8220;#000000&#8243; text_font_size=&#8220;16px&#8220; text_line_height=&#8220;2em&#8220; max_width=&#8220;400px&#8220; text_font_size_tablet=&#8220;18px&#8220; text_font_size_phone=&#8220;16px&#8220; text_font_size_last_edited=&#8220;on|phone&#8220; locked=&#8220;off&#8220; global_colors_info=&#8220;{}&#8220;]<\/p>\n<p>Claudia ist in L\u00fcbeck geboren und aufgewachsen. Im Jahr 2004 ist sie aus beruflichen Gr\u00fcnden nach Hamburg gezogen. Nach zwei abgeschlossenen Berufsausbildungen und einem AU-Pair-Jahr in den USA (NJ) hat sie <span>2022 ihr Abitur nachgeholt.<br \/>W\u00e4hrend dieser Zeit keimte immer mehr der Wunsch auf, endlich einmal das T\u00f6pfern zu lernen. Das hat sie sich schlie\u00dflich auf der Drehscheibe selbst beigebracht. Nach vielen Fehlversuchen sind Produkte nach Ihren Vorstellungen entstanden.<\/span><br \/><span>Ihre Werke fertigt sie mit viel Herzblut und kann sich ein Leben ohne die T\u00f6pferei gar nicht mehr vorstellen.<br \/>Da sie inzwischen ein gro\u00dfes Sammelsurium an Tassen zuhause hat, freut sie sich jeden Morgen aufs Neue darauf, eine f\u00fcr ihren Kaffee auszusuchen.<br \/><\/span><span><\/span><\/p>\n<p><span><\/span><\/p>\n<p><span><\/span><\/p>\n<p>[\/et_pb_text][\/et_pb_column][et_pb_column type=&#8220;1_2&#8243; _builder_version=&#8220;4.16&#8243; global_colors_info=&#8220;{}&#8220;][et_pb_image src=&#8220;https:\/\/litil-hamburg.de\/wp-content\/uploads\/2024\/09\/litil_Claudia_MadeinHamburg.png&#8220; alt=&#8220;litil Claudia Made in Hamburg&#8220; title_text=&#8220;litil_Claudia_MadeinHamburg&#8220; _builder_version=&#8220;4.22.2&#8243; locked=&#8220;off&#8220; global_colors_info=&#8220;{}&#8220;][\/et_pb_image][\/et_pb_column][\/et_pb_row][et_pb_row column_structure=&#8220;1_3,1_3,1_3&#8243; _builder_version=&#8220;4.16&#8243; custom_padding=&#8220;||0px|||&#8220; global_colors_info=&#8220;{}&#8220;][et_pb_column type=&#8220;1_3&#8243; _builder_version=&#8220;4.16&#8243; global_colors_info=&#8220;{}&#8220;][et_pb_text _builder_version=&#8220;4.22.2&#8243; text_text_color=&#8220;#A9D591&#8243; link_text_color=&#8220;#EF3D57&#8243; link_font_size=&#8220;20px&#8220; header_5_font=&#8220;Merriweather||||||||&#8220; header_5_text_color=&#8220;#EF3D57&#8243; header_5_font_size=&#8220;20px&#8220; header_5_line_height=&#8220;2.4em&#8220; header_6_font=&#8220;||||||||&#8220; header_6_line_height=&#8220;1.4em&#8220; background_enable_color=&#8220;off&#8220; background_enable_image=&#8220;off&#8220; background_size=&#8220;contain&#8220; background_position=&#8220;center_left&#8220; custom_padding=&#8220;20px||20px|0px|true|false&#8220; link_option_url=&#8220;https:\/\/www.etsy.com\/de\/shop\/HandmadeinHamburgCL&#8220; link_option_url_new_window=&#8220;on&#8220; header_5_font_size_tablet=&#8220;30px&#8220; header_5_font_size_phone=&#8220;26px&#8220; header_5_font_size_last_edited=&#8220;on|phone&#8220; header_5_letter_spacing_tablet=&#8220;&#8220; header_5_letter_spacing_phone=&#8220;&#8220; header_5_letter_spacing_last_edited=&#8220;on|desktop&#8220; locked=&#8220;off&#8220; global_colors_info=&#8220;{}&#8220;]<\/p>\n<h5><span style=\"color: #ef3d57;\">Website<\/span><\/h5>\n<p>[\/et_pb_text][et_pb_button button_url=&#8220;https:\/\/www.etsy.com\/de\/shop\/HandmadeinHamburgCL&#8220; url_new_window=&#8220;on&#8220; button_text=&#8220;zum Etsy-Shop&#8220; _builder_version=&#8220;4.22.2&#8243; _module_preset=&#8220;default&#8220; custom_button=&#8220;on&#8220; button_text_color=&#8220;#FFFFFF&#8220; button_bg_color=&#8220;#EF3D57&#8243; button_border_width=&#8220;2px&#8220; button_border_color=&#8220;RGBA(0,0,0,0)&#8220; button_border_radius=&#8220;4px&#8220; custom_margin=&#8220;-50px||||false|false&#8220; global_colors_info=&#8220;{}&#8220;][\/et_pb_button][\/et_pb_column][et_pb_column type=&#8220;1_3&#8243; _builder_version=&#8220;4.16&#8243; global_colors_info=&#8220;{}&#8220;][\/et_pb_column][et_pb_column type=&#8220;1_3&#8243; _builder_version=&#8220;4.16&#8243; global_colors_info=&#8220;{}&#8220;][et_pb_social_media_follow icon_color=&#8220;#F1D885&#8243; _builder_version=&#8220;4.22.2&#8243; _module_preset=&#8220;default&#8220; background_color=&#8220;RGBA(255,255,255,0)&#8220; custom_margin=&#8220;20px|||20px|false|false&#8220; custom_margin_tablet=&#8220;&#8220; custom_margin_phone=&#8220;&#8220; custom_margin_last_edited=&#8220;on|desktop&#8220; global_colors_info=&#8220;{}&#8220;][et_pb_social_media_follow_network social_network=&#8220;instagram&#8220; url=&#8220;https:\/\/www.instagram.com\/handmade_in_hamburg\/&#8220; _builder_version=&#8220;4.22.2&#8243; _module_preset=&#8220;default&#8220; background_color=&#8220;#FFFFFF&#8220; background_enable_color=&#8220;on&#8220; global_colors_info=&#8220;{}&#8220; follow_button=&#8220;off&#8220; url_new_window=&#8220;on&#8220;]instagram[\/et_pb_social_media_follow_network][\/et_pb_social_media_follow][\/et_pb_column][\/et_pb_row][\/et_pb_section][et_pb_section fb_built=&#8220;1&#8243; admin_label=&#8220;CV&#8220; _builder_version=&#8220;4.16&#8243; custom_margin=&#8220;||-105px||false|false&#8220; global_colors_info=&#8220;{}&#8220;][et_pb_row _builder_version=&#8220;4.16&#8243; width=&#8220;100%&#8220; max_width=&#8220;100%&#8220; global_colors_info=&#8220;{}&#8220;][et_pb_column type=&#8220;4_4&#8243; _builder_version=&#8220;4.16&#8243; global_colors_info=&#8220;{}&#8220;][et_pb_divider color=&#8220;#000000&#8243; divider_weight=&#8220;6px&#8220; _builder_version=&#8220;4.16&#8243; width=&#8220;90%&#8220; width_tablet=&#8220;80%&#8220; width_phone=&#8220;&#8220; width_last_edited=&#8220;on|phone&#8220; module_alignment=&#8220;center&#8220; global_colors_info=&#8220;{}&#8220;][\/et_pb_divider][\/et_pb_column][\/et_pb_row][et_pb_row _builder_version=&#8220;4.16&#8243; global_colors_info=&#8220;{}&#8220;][et_pb_column type=&#8220;4_4&#8243; _builder_version=&#8220;4.16&#8243; global_colors_info=&#8220;{}&#8220;][et_pb_text _builder_version=&#8220;4.16&#8243; header_2_font=&#8220;Merriweather||||||||&#8220; header_2_text_color=&#8220;#000000&#8243; header_2_font_size=&#8220;50px&#8220; header_2_line_height=&#8220;1.2em&#8220; text_orientation=&#8220;center&#8220; header_2_font_size_tablet=&#8220;40px&#8220; header_2_font_size_phone=&#8220;35px&#8220; header_2_font_size_last_edited=&#8220;on|phone&#8220; locked=&#8220;off&#8220; global_colors_info=&#8220;{}&#8220;]<\/p>\n<h2>Claudias Produkte<\/h2>\n<p>[\/et_pb_text][\/et_pb_column][\/et_pb_row][et_pb_row column_structure=&#8220;1_3,1_3,1_3&#8243; _builder_version=&#8220;4.16&#8243; global_colors_info=&#8220;{}&#8220;][et_pb_column type=&#8220;1_3&#8243; _builder_version=&#8220;4.16&#8243; global_colors_info=&#8220;{}&#8220;][et_pb_text _builder_version=&#8220;4.16&#8243; text_font=&#8220;Merriweather||||||||&#8220; text_text_color=&#8220;#000000&#8243; text_font_size=&#8220;22px&#8220; text_line_height=&#8220;1.8em&#8220; max_width=&#8220;400px&#8220; text_font_size_tablet=&#8220;18px&#8220; text_font_size_phone=&#8220;16px&#8220; text_font_size_last_edited=&#8220;on|phone&#8220; locked=&#8220;off&#8220; global_colors_info=&#8220;{}&#8220;]<\/p>\n<p>Claudia fertigt Becher, Tassen, Vasen, Kerzenhalter, kleine Sch\u00e4lchen und Kerzen.<\/p>\n<p>[\/et_pb_text][\/et_pb_column][et_pb_column type=&#8220;1_3&#8243; _builder_version=&#8220;4.16&#8243; global_colors_info=&#8220;{}&#8220;][et_pb_image src=&#8220;https:\/\/litil-hamburg.de\/wp-content\/uploads\/2024\/09\/litil_claudia_tassen.png&#8220; alt=&#8220;litil Handmade in Hamburg Tassen&#8220; title_text=&#8220;litil_claudia_tassen&#8220; _builder_version=&#8220;4.22.2&#8243; _module_preset=&#8220;default&#8220; global_colors_info=&#8220;{}&#8220;][\/et_pb_image][\/et_pb_column][et_pb_column type=&#8220;1_3&#8243; _builder_version=&#8220;4.16&#8243; global_colors_info=&#8220;{}&#8220;][et_pb_image src=&#8220;https:\/\/litil-hamburg.de\/wp-content\/uploads\/2024\/09\/litil_claudia_vase.png&#8220; alt=&#8220;litil Handmade in hamburg vase&#8220; title_text=&#8220;litil_claudia_vase&#8220; _builder_version=&#8220;4.22.2&#8243; _module_preset=&#8220;default&#8220; global_colors_info=&#8220;{}&#8220;][\/et_pb_image][\/et_pb_column][\/et_pb_row][\/et_pb_section][et_pb_section fb_built=&#8220;1&#8243; admin_label=&#8220;Features&#8220; _builder_version=&#8220;4.16&#8243; global_colors_info=&#8220;{}&#8220;][et_pb_row _builder_version=&#8220;4.16&#8243; _module_preset=&#8220;default&#8220; global_colors_info=&#8220;{}&#8220;][et_pb_column type=&#8220;4_4&#8243; _builder_version=&#8220;4.16&#8243; _module_preset=&#8220;default&#8220; global_colors_info=&#8220;{}&#8220;][et_pb_image src=&#8220;https:\/\/litil-hamburg.de\/wp-content\/uploads\/2024\/09\/litil_claudia_schalen.png&#8220; alt=&#8220;litil claudia handmade in hamburg schalen&#8220; title_text=&#8220;litil_claudia_schalen&#8220; _builder_version=&#8220;4.22.2&#8243; _module_preset=&#8220;default&#8220; global_colors_info=&#8220;{}&#8220;][\/et_pb_image][\/et_pb_column][\/et_pb_row][\/et_pb_section]<\/p>\n","protected":false},"excerpt":{"rendered":"<p>HandMade in Hamburg ClaudiaClaudia ist in L\u00fcbeck geboren und aufgewachsen. Im Jahr 2004 ist sie aus beruflichen Gr\u00fcnden nach Hamburg gezogen. Nach zwei abgeschlossenen Berufsausbildungen und einem AU-Pair-Jahr in den USA (NJ) hat sie 2022 ihr Abitur nachgeholt.W\u00e4hrend dieser Zeit keimte immer mehr der Wunsch auf, endlich einmal das T\u00f6pfern zu lernen. Das hat sie [&hellip;]<\/p>\n","protected":false},"author":5,"featured_media":0,"parent":0,"menu_order":0,"comment_status":"closed","ping_status":"closed","template":"","meta":{"_et_pb_use_builder":"on","_et_pb_old_content":"","_et_gb_content_width":"","footnotes":""},"class_list":["post-226012","page","type-page","status-publish","hentry"],"_links":{"self":[{"href":"https:\/\/litil-hamburg.de\/en\/wp-json\/wp\/v2\/pages\/226012","targetHints":{"allow":["GET"]}}],"collection":[{"href":"https:\/\/litil-hamburg.de\/en\/wp-json\/wp\/v2\/pages"}],"about":[{"href":"https:\/\/litil-hamburg.de\/en\/wp-json\/wp\/v2\/types\/page"}],"author":[{"embeddable":true,"href":"https:\/\/litil-hamburg.de\/en\/wp-json\/wp\/v2\/users\/5"}],"replies":[{"embeddable":true,"href":"https:\/\/litil-hamburg.de\/en\/wp-json\/wp\/v2\/comments?post=226012"}],"version-history":[{"count":11,"href":"https:\/\/litil-hamburg.de\/en\/wp-json\/wp\/v2\/pages\/226012\/revisions"}],"predecessor-version":[{"id":226297,"href":"https:\/\/litil-hamburg.de\/en\/wp-json\/wp\/v2\/pages\/226012\/revisions\/226297"}],"wp:attachment":[{"href":"https:\/\/litil-hamburg.de\/en\/wp-json\/wp\/v2\/media?parent=226012"}],"curies":[{"name":"wp","href":"https:\/\/api.w.org\/{rel}","templated":true}]}}